{"id":12374,"date":"2023-06-06T18:26:19","date_gmt":"2023-06-06T16:26:19","guid":{"rendered":"https:\/\/agrozenit.es\/?page_id=12374"},"modified":"2023-06-06T18:32:39","modified_gmt":"2023-06-06T16:32:39","slug":"agricultura-del-carbono","status":"publish","type":"page","link":"https:\/\/agrozenit.es\/index.php\/agricultura-del-carbono\/","title":{"rendered":"Agricultura del Carbono"},"content":{"rendered":"\t\t<div data-elementor-type=\"wp-page\" data-elementor-id=\"12374\" class=\"elementor elementor-12374\">\n\t\t\t\t\t\t<section class=\"elementor-section elementor-top-section elementor-element elementor-element-a3af307 elementor-section-boxed elementor-section-height-default elementor-section-height-default\" data-id=\"a3af307\" data-element_type=\"section\" data-e-type=\"section\">\n\t\t\t\t\t\t<div class=\"elementor-container elementor-column-gap-default\">\n\t\t\t\t\t<div class=\"elementor-column elementor-col-100 elementor-top-column elementor-element elementor-element-51ea973\" data-id=\"51ea973\" data-element_type=\"column\" data-e-type=\"column\">\n\t\t\t<div class=\"elementor-widget-wrap elementor-element-populated\">\n\t\t\t\t\t\t<section class=\"elementor-section elementor-inner-section elementor-element elementor-element-9f072e4 elementor-section-boxed elementor-section-height-default elementor-section-height-default\" data-id=\"9f072e4\" data-element_type=\"section\" data-e-type=\"section\">\n\t\t\t\t\t\t<div class=\"elementor-container elementor-column-gap-default\">\n\t\t\t\t\t<div class=\"elementor-column elementor-col-100 elementor-inner-column elementor-element elementor-element-3333591\" data-id=\"3333591\" data-element_type=\"column\" data-e-type=\"column\">\n\t\t\t<div class=\"elementor-widget-wrap elementor-element-populated\">\n\t\t\t\t\t\t<div class=\"elementor-element elementor-element-a3d7aec elementor-widget elementor-widget-heading\" data-id=\"a3d7aec\" data-element_type=\"widget\" data-e-type=\"widget\" data-widget_type=\"heading.default\">\n\t\t\t\t<div class=\"elementor-widget-container\">\n\t\t\t\t\t<h2 class=\"elementor-heading-title elementor-size-default\">AGRICULTURA DEL CARBONO<\/h2>\t\t\t\t<\/div>\n\t\t\t\t<\/div>\n\t\t\t\t\t<\/div>\n\t\t<\/div>\n\t\t\t\t\t<\/div>\n\t\t<\/section>\n\t\t\t\t<section class=\"elementor-section elementor-inner-section elementor-element elementor-element-efe75c1 elementor-section-boxed elementor-section-height-default elementor-section-height-default\" data-id=\"efe75c1\" data-element_type=\"section\" data-e-type=\"section\">\n\t\t\t\t\t\t<div class=\"elementor-container elementor-column-gap-default\">\n\t\t\t\t\t<div class=\"elementor-column elementor-col-100 elementor-inner-column elementor-element elementor-element-97ac9e7\" data-id=\"97ac9e7\" data-element_type=\"column\" data-e-type=\"column\">\n\t\t\t<div class=\"elementor-widget-wrap elementor-element-populated\">\n\t\t\t\t\t\t<div class=\"elementor-element elementor-element-35e8a7a elementor-widget elementor-widget-text-editor\" data-id=\"35e8a7a\" data-element_type=\"widget\" data-e-type=\"widget\" data-widget_type=\"text-editor.default\">\n\t\t\t\t<div class=\"elementor-widget-container\">\n\t\t\t\t\t\t\t\t\t<p><strong>La agricultura del carbono<\/strong> se refiere a las <strong>pr\u00e1cticas de gesti\u00f3n agr\u00edcola<\/strong> cuyo <strong>objetivo consiste en lograr la mitigaci\u00f3n del cambio clim\u00e1tico en la agricultura<\/strong>. Esto implica la gesti\u00f3n tanto de la tierra como del ganado, todas las reservas de carbono en suelos, los materiales y la vegetaci\u00f3n, adem\u00e1s de los flujos de di\u00f3xido de carbono (CO2), metano (CH4) y \u00f3xido nitroso (N2O).<\/p>\t\t\t\t\t\t\t\t<\/div>\n\t\t\t\t<\/div>\n\t\t\t\t\t<\/div>\n\t\t<\/div>\n\t\t\t\t\t<\/div>\n\t\t<\/section>\n\t\t\t\t<section class=\"elementor-section elementor-inner-section elementor-element elementor-element-dc2834c elementor-section-boxed elementor-section-height-default elementor-section-height-default\" data-id=\"dc2834c\" data-element_type=\"section\" data-e-type=\"section\">\n\t\t\t\t\t\t<div class=\"elementor-container elementor-column-gap-default\">\n\t\t\t\t\t<div class=\"elementor-column elementor-col-100 elementor-inner-column elementor-element elementor-element-1713c31\" data-id=\"1713c31\" data-element_type=\"column\" data-e-type=\"column\">\n\t\t\t<div class=\"elementor-widget-wrap elementor-element-populated\">\n\t\t\t\t\t\t<div class=\"elementor-element elementor-element-4f1849b elementor-widget elementor-widget-image\" data-id=\"4f1849b\" data-element_type=\"widget\" data-e-type=\"widget\" data-widget_type=\"image.default\">\n\t\t\t\t<div class=\"elementor-widget-container\">\n\t\t\t\t\t\t\t\t\t\t\t\t\t\t\t<img fetchpriority=\"high\" decoding=\"async\" width=\"1024\" height=\"683\" src=\"https:\/\/agrozenit.es\/wp-content\/uploads\/2023\/06\/carbono-1-1024x683.jpg\" class=\"attachment-large size-large wp-image-12379\" alt=\"\" srcset=\"https:\/\/agrozenit.es\/wp-content\/uploads\/2023\/06\/carbono-1-1024x683.jpg 1024w, https:\/\/agrozenit.es\/wp-content\/uploads\/2023\/06\/carbono-1-300x200.jpg 300w, https:\/\/agrozenit.es\/wp-content\/uploads\/2023\/06\/carbono-1-768x512.jpg 768w, https:\/\/agrozenit.es\/wp-content\/uploads\/2023\/06\/carbono-1-1536x1024.jpg 1536w, https:\/\/agrozenit.es\/wp-content\/uploads\/2023\/06\/carbono-1-2048x1365.jpg 2048w\" sizes=\"(max-width: 1024px) 100vw, 1024px\" \/>\t\t\t\t\t\t\t\t\t\t\t\t\t\t\t<\/div>\n\t\t\t\t<\/div>\n\t\t\t\t\t<\/div>\n\t\t<\/div>\n\t\t\t\t\t<\/div>\n\t\t<\/section>\n\t\t\t\t<section class=\"elementor-section elementor-inner-section elementor-element elementor-element-6988adb elementor-section-boxed elementor-section-height-default elementor-section-height-default\" data-id=\"6988adb\" data-element_type=\"section\" data-e-type=\"section\">\n\t\t\t\t\t\t<div class=\"elementor-container elementor-column-gap-default\">\n\t\t\t\t\t<div class=\"elementor-column elementor-col-100 elementor-inner-column elementor-element elementor-element-9b58702\" data-id=\"9b58702\" data-element_type=\"column\" data-e-type=\"column\">\n\t\t\t<div class=\"elementor-widget-wrap elementor-element-populated\">\n\t\t\t\t\t\t<div class=\"elementor-element elementor-element-94c6215 elementor-widget elementor-widget-text-editor\" data-id=\"94c6215\" data-element_type=\"widget\" data-e-type=\"widget\" data-widget_type=\"text-editor.default\">\n\t\t\t\t<div class=\"elementor-widget-container\">\n\t\t\t\t\t\t\t\t\t<p><strong>Incluye la eliminaci\u00f3n del carbono<\/strong> (captura y almacenamiento permanente de carbono en los suelos y la biomasa), las emisiones evitadas (impidiendo la p\u00e9rdida de carbono ya almacenado) y las reducciones de emisiones (es decir, reducciones de GEI por debajo de los niveles actuales de emisiones de las explotaciones agr\u00edcolas).<\/p><p>Todos los <strong>sistemas agr\u00edcolas pueden contribuir a la mitigaci\u00f3n<\/strong>, aunque el nivel de potencial de mitigaci\u00f3n difiere entre los diferentes tipos de explotaciones agr\u00edcolas y geograf\u00edas.<\/p>\t\t\t\t\t\t\t\t<\/div>\n\t\t\t\t<\/div>\n\t\t\t\t\t<\/div>\n\t\t<\/div>\n\t\t\t\t\t<\/div>\n\t\t<\/section>\n\t\t\t\t<section class=\"elementor-section elementor-inner-section elementor-element elementor-element-e7838fe elementor-section-boxed elementor-section-height-default elementor-section-height-default\" data-id=\"e7838fe\" data-element_type=\"section\" data-e-type=\"section\">\n\t\t\t\t\t\t<div class=\"elementor-container elementor-column-gap-default\">\n\t\t\t\t\t<div class=\"elementor-column elementor-col-100 elementor-inner-column elementor-element elementor-element-b88d099\" data-id=\"b88d099\" data-element_type=\"column\" data-e-type=\"column\">\n\t\t\t<div class=\"elementor-widget-wrap elementor-element-populated\">\n\t\t\t\t\t\t<div class=\"elementor-element elementor-element-a04604d elementor-widget elementor-widget-image\" data-id=\"a04604d\" data-element_type=\"widget\" data-e-type=\"widget\" data-widget_type=\"image.default\">\n\t\t\t\t<div class=\"elementor-widget-container\">\n\t\t\t\t\t\t\t\t\t\t\t\t\t\t\t<img decoding=\"async\" width=\"1024\" height=\"576\" src=\"https:\/\/agrozenit.es\/wp-content\/uploads\/2023\/06\/carbno-2-1024x576.jpg\" class=\"attachment-large size-large wp-image-12380\" alt=\"\" srcset=\"https:\/\/agrozenit.es\/wp-content\/uploads\/2023\/06\/carbno-2-1024x576.jpg 1024w, https:\/\/agrozenit.es\/wp-content\/uploads\/2023\/06\/carbno-2-300x169.jpg 300w, https:\/\/agrozenit.es\/wp-content\/uploads\/2023\/06\/carbno-2-768x432.jpg 768w, https:\/\/agrozenit.es\/wp-content\/uploads\/2023\/06\/carbno-2-1536x864.jpg 1536w, https:\/\/agrozenit.es\/wp-content\/uploads\/2023\/06\/carbno-2.jpg 1920w\" sizes=\"(max-width: 1024px) 100vw, 1024px\" \/>\t\t\t\t\t\t\t\t\t\t\t\t\t\t\t<\/div>\n\t\t\t\t<\/div>\n\t\t\t\t\t<\/div>\n\t\t<\/div>\n\t\t\t\t\t<\/div>\n\t\t<\/section>\n\t\t\t\t<section class=\"elementor-section elementor-inner-section elementor-element elementor-element-8950c54 elementor-section-boxed elementor-section-height-default elementor-section-height-default\" data-id=\"8950c54\" data-element_type=\"section\" data-e-type=\"section\">\n\t\t\t\t\t\t<div class=\"elementor-container elementor-column-gap-default\">\n\t\t\t\t\t<div class=\"elementor-column elementor-col-100 elementor-inner-column elementor-element elementor-element-4fb06ac\" data-id=\"4fb06ac\" data-element_type=\"column\" data-e-type=\"column\">\n\t\t\t<div class=\"elementor-widget-wrap elementor-element-populated\">\n\t\t\t\t\t\t<div class=\"elementor-element elementor-element-fd2caaf elementor-widget elementor-widget-text-editor\" data-id=\"fd2caaf\" data-element_type=\"widget\" data-e-type=\"widget\" data-widget_type=\"text-editor.default\">\n\t\t\t\t<div class=\"elementor-widget-container\">\n\t\t\t\t\t\t\t\t\t<p><strong>La agricultura del carbono<\/strong> tambi\u00e9n se refiere al <strong>modelo de negocio<\/strong> que pretende incrementar la mitigaci\u00f3n del cambio clim\u00e1tico <strong>pagando a los agricultores para que apliquen pr\u00e1cticas de gesti\u00f3n agr\u00edcola respetuosas con el clima<\/strong>. La financiaci\u00f3n puede proceder de fondos p\u00fablicos como la pol\u00edtica agr\u00edcola com\u00fan (PAC) o de fuentes privadas a trav\u00e9s de cadenas de suministro o mercados de carbono.<\/p>\t\t\t\t\t\t\t\t<\/div>\n\t\t\t\t<\/div>\n\t\t\t\t\t<\/div>\n\t\t<\/div>\n\t\t\t\t\t<\/div>\n\t\t<\/section>\n\t\t\t\t<section class=\"elementor-section elementor-inner-section elementor-element elementor-element-8dcbf34 elementor-section-boxed elementor-section-height-default elementor-section-height-default\" data-id=\"8dcbf34\" data-element_type=\"section\" data-e-type=\"section\">\n\t\t\t\t\t\t<div class=\"elementor-container elementor-column-gap-default\">\n\t\t\t\t\t<div class=\"elementor-column elementor-col-100 elementor-inner-column elementor-element elementor-element-85b6a6d\" data-id=\"85b6a6d\" data-element_type=\"column\" data-e-type=\"column\">\n\t\t\t<div class=\"elementor-widget-wrap elementor-element-populated\">\n\t\t\t\t\t\t<div class=\"elementor-element elementor-element-c0a40ca elementor-widget elementor-widget-image\" data-id=\"c0a40ca\" data-element_type=\"widget\" data-e-type=\"widget\" data-widget_type=\"image.default\">\n\t\t\t\t<div class=\"elementor-widget-container\">\n\t\t\t\t\t\t\t\t\t\t\t\t\t\t\t<img decoding=\"async\" width=\"1024\" height=\"678\" src=\"https:\/\/agrozenit.es\/wp-content\/uploads\/2023\/06\/carbono-3-1024x678.jpg\" class=\"attachment-large size-large wp-image-12381\" alt=\"\" srcset=\"https:\/\/agrozenit.es\/wp-content\/uploads\/2023\/06\/carbono-3-1024x678.jpg 1024w, https:\/\/agrozenit.es\/wp-content\/uploads\/2023\/06\/carbono-3-300x199.jpg 300w, https:\/\/agrozenit.es\/wp-content\/uploads\/2023\/06\/carbono-3-768x509.jpg 768w, https:\/\/agrozenit.es\/wp-content\/uploads\/2023\/06\/carbono-3-1536x1017.jpg 1536w, https:\/\/agrozenit.es\/wp-content\/uploads\/2023\/06\/carbono-3-2048x1357.jpg 2048w\" sizes=\"(max-width: 1024px) 100vw, 1024px\" \/>\t\t\t\t\t\t\t\t\t\t\t\t\t\t\t<\/div>\n\t\t\t\t<\/div>\n\t\t\t\t\t<\/div>\n\t\t<\/div>\n\t\t\t\t\t<\/div>\n\t\t<\/section>\n\t\t\t\t\t<\/div>\n\t\t<\/div>\n\t\t\t\t\t<\/div>\n\t\t<\/section>\n\t\t\t\t<\/div>\n\t\t","protected":false},"excerpt":{"rendered":"<p>AGRICULTURA DEL CARBONO La agricultura del carbono se refiere a las pr\u00e1cticas de gesti\u00f3n agr\u00edcola cuyo objetivo consiste en lograr la mitigaci\u00f3n del cambio clim\u00e1tico en la agricultura. Esto implica la gesti\u00f3n tanto de la tierra como del ganado, todas las reservas de carbono en suelos, los materiales y la vegetaci\u00f3n, adem\u00e1s de los flujos [&hellip;]<\/p>\n","protected":false},"author":2,"featured_media":0,"parent":0,"menu_order":0,"comment_status":"closed","ping_status":"closed","template":"","meta":{"om_disable_all_campaigns":false,"_monsterinsights_skip_tracking":false,"_monsterinsights_sitenote_active":false,"_monsterinsights_sitenote_note":"","_monsterinsights_sitenote_category":0,"footnotes":""},"class_list":["post-12374","page","type-page","status-publish","hentry"],"aioseo_notices":[],"_links":{"self":[{"href":"https:\/\/agrozenit.es\/index.php\/wp-json\/wp\/v2\/pages\/12374","targetHints":{"allow":["GET"]}}],"collection":[{"href":"https:\/\/agrozenit.es\/index.php\/wp-json\/wp\/v2\/pages"}],"about":[{"href":"https:\/\/agrozenit.es\/index.php\/wp-json\/wp\/v2\/types\/page"}],"author":[{"embeddable":true,"href":"https:\/\/agrozenit.es\/index.php\/wp-json\/wp\/v2\/users\/2"}],"replies":[{"embeddable":true,"href":"https:\/\/agrozenit.es\/index.php\/wp-json\/wp\/v2\/comments?post=12374"}],"version-history":[{"count":7,"href":"https:\/\/agrozenit.es\/index.php\/wp-json\/wp\/v2\/pages\/12374\/revisions"}],"predecessor-version":[{"id":12384,"href":"https:\/\/agrozenit.es\/index.php\/wp-json\/wp\/v2\/pages\/12374\/revisions\/12384"}],"wp:attachment":[{"href":"https:\/\/agrozenit.es\/index.php\/wp-json\/wp\/v2\/media?parent=12374"}],"curies":[{"name":"wp","href":"https:\/\/api.w.org\/{rel}","templated":true}]}}