{"id":12367,"date":"2023-06-06T18:17:38","date_gmt":"2023-06-06T16:17:38","guid":{"rendered":"https:\/\/agrozenit.es\/?page_id=12367"},"modified":"2023-06-06T18:22:56","modified_gmt":"2023-06-06T16:22:56","slug":"agricultura-4-0","status":"publish","type":"page","link":"https:\/\/agrozenit.es\/index.php\/agricultura-4-0\/","title":{"rendered":"Agricultura 4.0"},"content":{"rendered":"\t\t<div data-elementor-type=\"wp-page\" data-elementor-id=\"12367\" class=\"elementor elementor-12367\">\n\t\t\t\t\t\t<section class=\"elementor-section elementor-top-section elementor-element elementor-element-9a99963 elementor-section-boxed elementor-section-height-default elementor-section-height-default\" data-id=\"9a99963\" data-element_type=\"section\" data-e-type=\"section\">\n\t\t\t\t\t\t<div class=\"elementor-container elementor-column-gap-default\">\n\t\t\t\t\t<div class=\"elementor-column elementor-col-100 elementor-top-column elementor-element elementor-element-3bb27f5\" data-id=\"3bb27f5\" data-element_type=\"column\" data-e-type=\"column\">\n\t\t\t<div class=\"elementor-widget-wrap elementor-element-populated\">\n\t\t\t\t\t\t<section class=\"elementor-section elementor-inner-section elementor-element elementor-element-8999ffc elementor-section-boxed elementor-section-height-default elementor-section-height-default\" data-id=\"8999ffc\" data-element_type=\"section\" data-e-type=\"section\">\n\t\t\t\t\t\t<div class=\"elementor-container elementor-column-gap-default\">\n\t\t\t\t\t<div class=\"elementor-column elementor-col-100 elementor-inner-column elementor-element elementor-element-92f45b7\" data-id=\"92f45b7\" data-element_type=\"column\" data-e-type=\"column\">\n\t\t\t<div class=\"elementor-widget-wrap elementor-element-populated\">\n\t\t\t\t\t\t<div class=\"elementor-element elementor-element-40eeed8 elementor-widget elementor-widget-heading\" data-id=\"40eeed8\" data-element_type=\"widget\" data-e-type=\"widget\" data-widget_type=\"heading.default\">\n\t\t\t\t<div class=\"elementor-widget-container\">\n\t\t\t\t\t<h2 class=\"elementor-heading-title elementor-size-default\">\u00bfDE QUE HABLAMOS CUANDO DECIMOS 4.0?<\/h2>\t\t\t\t<\/div>\n\t\t\t\t<\/div>\n\t\t\t\t\t<\/div>\n\t\t<\/div>\n\t\t\t\t\t<\/div>\n\t\t<\/section>\n\t\t\t\t<section class=\"elementor-section elementor-inner-section elementor-element elementor-element-d94afc4 elementor-section-boxed elementor-section-height-default elementor-section-height-default\" data-id=\"d94afc4\" data-element_type=\"section\" data-e-type=\"section\">\n\t\t\t\t\t\t<div class=\"elementor-container elementor-column-gap-default\">\n\t\t\t\t\t<div class=\"elementor-column elementor-col-100 elementor-inner-column elementor-element elementor-element-8913fd1\" data-id=\"8913fd1\" data-element_type=\"column\" data-e-type=\"column\">\n\t\t\t<div class=\"elementor-widget-wrap elementor-element-populated\">\n\t\t\t\t\t\t<div class=\"elementor-element elementor-element-ada0cea elementor-widget elementor-widget-text-editor\" data-id=\"ada0cea\" data-element_type=\"widget\" data-e-type=\"widget\" data-widget_type=\"text-editor.default\">\n\t\t\t\t<div class=\"elementor-widget-container\">\n\t\t\t\t\t\t\t\t\t<p>Indudablemente es un nuevo modelo de trabajo acorde a la nueva situaci\u00f3n clim\u00e1tica que nos tocara afrontar lo mas r\u00e1pido posible.<\/p>\t\t\t\t\t\t\t\t<\/div>\n\t\t\t\t<\/div>\n\t\t\t\t\t<\/div>\n\t\t<\/div>\n\t\t\t\t\t<\/div>\n\t\t<\/section>\n\t\t\t\t<section class=\"elementor-section elementor-inner-section elementor-element elementor-element-76ad7f0 elementor-section-boxed elementor-section-height-default elementor-section-height-default\" data-id=\"76ad7f0\" data-element_type=\"section\" data-e-type=\"section\">\n\t\t\t\t\t\t<div class=\"elementor-container elementor-column-gap-default\">\n\t\t\t\t\t<div class=\"elementor-column elementor-col-100 elementor-inner-column elementor-element elementor-element-7607302\" data-id=\"7607302\" data-element_type=\"column\" data-e-type=\"column\">\n\t\t\t<div class=\"elementor-widget-wrap elementor-element-populated\">\n\t\t\t\t\t\t<div class=\"elementor-element elementor-element-de7d4dc elementor-widget elementor-widget-image\" data-id=\"de7d4dc\" data-element_type=\"widget\" data-e-type=\"widget\" data-widget_type=\"image.default\">\n\t\t\t\t<div class=\"elementor-widget-container\">\n\t\t\t\t\t\t\t\t\t\t\t\t\t\t\t<img fetchpriority=\"high\" decoding=\"async\" width=\"1024\" height=\"644\" src=\"https:\/\/agrozenit.es\/wp-content\/uploads\/2023\/06\/agricultura-4.0-imagen-1-1024x644.jpeg\" class=\"attachment-large size-large wp-image-12369\" alt=\"\" srcset=\"https:\/\/agrozenit.es\/wp-content\/uploads\/2023\/06\/agricultura-4.0-imagen-1-1024x644.jpeg 1024w, https:\/\/agrozenit.es\/wp-content\/uploads\/2023\/06\/agricultura-4.0-imagen-1-300x189.jpeg 300w, https:\/\/agrozenit.es\/wp-content\/uploads\/2023\/06\/agricultura-4.0-imagen-1-768x483.jpeg 768w, https:\/\/agrozenit.es\/wp-content\/uploads\/2023\/06\/agricultura-4.0-imagen-1.jpeg 1156w\" sizes=\"(max-width: 1024px) 100vw, 1024px\" \/>\t\t\t\t\t\t\t\t\t\t\t\t\t\t\t<\/div>\n\t\t\t\t<\/div>\n\t\t\t\t\t<\/div>\n\t\t<\/div>\n\t\t\t\t\t<\/div>\n\t\t<\/section>\n\t\t\t\t\t<\/div>\n\t\t<\/div>\n\t\t\t\t\t<\/div>\n\t\t<\/section>\n\t\t\t\t<\/div>\n\t\t","protected":false},"excerpt":{"rendered":"<p>\u00bfDE QUE HABLAMOS CUANDO DECIMOS 4.0? Indudablemente es un nuevo modelo de trabajo acorde a la nueva situaci\u00f3n clim\u00e1tica que nos tocara afrontar lo mas r\u00e1pido posible.<\/p>\n","protected":false},"author":2,"featured_media":0,"parent":0,"menu_order":0,"comment_status":"closed","ping_status":"closed","template":"","meta":{"om_disable_all_campaigns":false,"_monsterinsights_skip_tracking":false,"_monsterinsights_sitenote_active":false,"_monsterinsights_sitenote_note":"","_monsterinsights_sitenote_category":0,"footnotes":""},"class_list":["post-12367","page","type-page","status-publish","hentry"],"aioseo_notices":[],"_links":{"self":[{"href":"https:\/\/agrozenit.es\/index.php\/wp-json\/wp\/v2\/pages\/12367","targetHints":{"allow":["GET"]}}],"collection":[{"href":"https:\/\/agrozenit.es\/index.php\/wp-json\/wp\/v2\/pages"}],"about":[{"href":"https:\/\/agrozenit.es\/index.php\/wp-json\/wp\/v2\/types\/page"}],"author":[{"embeddable":true,"href":"https:\/\/agrozenit.es\/index.php\/wp-json\/wp\/v2\/users\/2"}],"replies":[{"embeddable":true,"href":"https:\/\/agrozenit.es\/index.php\/wp-json\/wp\/v2\/comments?post=12367"}],"version-history":[{"count":4,"href":"https:\/\/agrozenit.es\/index.php\/wp-json\/wp\/v2\/pages\/12367\/revisions"}],"predecessor-version":[{"id":12372,"href":"https:\/\/agrozenit.es\/index.php\/wp-json\/wp\/v2\/pages\/12367\/revisions\/12372"}],"wp:attachment":[{"href":"https:\/\/agrozenit.es\/index.php\/wp-json\/wp\/v2\/media?parent=12367"}],"curies":[{"name":"wp","href":"https:\/\/api.w.org\/{rel}","templated":true}]}}