{"id":12325,"date":"2023-04-01T17:31:29","date_gmt":"2023-04-01T15:31:29","guid":{"rendered":"https:\/\/agrozenit.es\/?page_id=12325"},"modified":"2023-04-02T10:58:15","modified_gmt":"2023-04-02T08:58:15","slug":"produccion-integrada","status":"publish","type":"page","link":"https:\/\/agrozenit.es\/index.php\/produccion-integrada\/","title":{"rendered":"Producci\u00f3n Integrada"},"content":{"rendered":"\t\t<div data-elementor-type=\"wp-page\" data-elementor-id=\"12325\" class=\"elementor elementor-12325\">\n\t\t\t\t\t\t<section class=\"elementor-section elementor-top-section elementor-element elementor-element-106eb2e elementor-section-boxed elementor-section-height-default elementor-section-height-default\" data-id=\"106eb2e\" data-element_type=\"section\" data-e-type=\"section\">\n\t\t\t\t\t\t<div class=\"elementor-container elementor-column-gap-default\">\n\t\t\t\t\t<div class=\"elementor-column elementor-col-100 elementor-top-column elementor-element elementor-element-e6b8448\" data-id=\"e6b8448\" data-element_type=\"column\" data-e-type=\"column\">\n\t\t\t<div class=\"elementor-widget-wrap elementor-element-populated\">\n\t\t\t\t\t\t<div class=\"elementor-element elementor-element-7d6d05d elementor-widget elementor-widget-heading\" data-id=\"7d6d05d\" data-element_type=\"widget\" data-e-type=\"widget\" data-widget_type=\"heading.default\">\n\t\t\t\t<div class=\"elementor-widget-container\">\n\t\t\t\t\t<h1 class=\"elementor-heading-title elementor-size-large\">PRODUCCI\u00d3N INTEGRADA<\/h1>\t\t\t\t<\/div>\n\t\t\t\t<\/div>\n\t\t\t\t\t<\/div>\n\t\t<\/div>\n\t\t\t\t\t<\/div>\n\t\t<\/section>\n\t\t\t\t<section class=\"elementor-section elementor-top-section elementor-element elementor-element-7100700 elementor-section-boxed elementor-section-height-default elementor-section-height-default\" data-id=\"7100700\" data-element_type=\"section\" data-e-type=\"section\">\n\t\t\t\t\t\t<div class=\"elementor-container elementor-column-gap-default\">\n\t\t\t\t\t<div class=\"elementor-column elementor-col-100 elementor-top-column elementor-element elementor-element-fdfb07e\" data-id=\"fdfb07e\" data-element_type=\"column\" data-e-type=\"column\">\n\t\t\t<div class=\"elementor-widget-wrap elementor-element-populated\">\n\t\t\t\t\t\t<section class=\"elementor-section elementor-inner-section elementor-element elementor-element-83c398f elementor-section-boxed elementor-section-height-default elementor-section-height-default\" data-id=\"83c398f\" data-element_type=\"section\" data-e-type=\"section\">\n\t\t\t\t\t\t<div class=\"elementor-container elementor-column-gap-default\">\n\t\t\t\t\t<div class=\"elementor-column elementor-col-100 elementor-inner-column elementor-element elementor-element-ffdf1e5\" data-id=\"ffdf1e5\" data-element_type=\"column\" data-e-type=\"column\">\n\t\t\t<div class=\"elementor-widget-wrap elementor-element-populated\">\n\t\t\t\t\t\t<div class=\"elementor-element elementor-element-1b89bc9 elementor-widget elementor-widget-text-editor\" data-id=\"1b89bc9\" data-element_type=\"widget\" data-e-type=\"widget\" data-widget_type=\"text-editor.default\">\n\t\t\t\t<div class=\"elementor-widget-container\">\n\t\t\t\t\t\t\t\t\t<p>La <strong>Producci\u00f3n integrada<\/strong> se define como los sistemas agr\u00edcolas de obtenci\u00f3n de vegetales que utilizan y aseguran a largo plazo una agricultura sostenible, introduciendo en ella m\u00e9todos biol\u00f3gicos y qu\u00edmicos de control,\u00a0as\u00ed como\u00a0otras t\u00e9cnicas que compatibilicen las exigencias de la sociedad, la protecci\u00f3n del medio ambiente y la productividad agr\u00edcola, y las operaciones realizadas para la manipulaci\u00f3n, envasado, transformaci\u00f3n y etiquetado de productos vegetales acogidos al sistema.<\/p>\t\t\t\t\t\t\t\t<\/div>\n\t\t\t\t<\/div>\n\t\t\t\t\t<\/div>\n\t\t<\/div>\n\t\t\t\t\t<\/div>\n\t\t<\/section>\n\t\t\t\t<section class=\"elementor-section elementor-inner-section elementor-element elementor-element-fc32855 elementor-section-boxed elementor-section-height-default elementor-section-height-default\" data-id=\"fc32855\" data-element_type=\"section\" data-e-type=\"section\">\n\t\t\t\t\t\t<div class=\"elementor-container elementor-column-gap-default\">\n\t\t\t\t\t<div class=\"elementor-column elementor-col-50 elementor-inner-column elementor-element elementor-element-caa2e7a\" data-id=\"caa2e7a\" data-element_type=\"column\" data-e-type=\"column\">\n\t\t\t<div class=\"elementor-widget-wrap elementor-element-populated\">\n\t\t\t\t\t\t<div class=\"elementor-element elementor-element-175c813 elementor-widget elementor-widget-image\" data-id=\"175c813\" data-element_type=\"widget\" data-e-type=\"widget\" data-widget_type=\"image.default\">\n\t\t\t\t<div class=\"elementor-widget-container\">\n\t\t\t\t\t\t\t\t\t\t\t\t\t\t\t<img fetchpriority=\"high\" decoding=\"async\" width=\"1024\" height=\"683\" src=\"https:\/\/agrozenit.es\/wp-content\/uploads\/2023\/04\/FOTO-23-PI-1024x683.jpg\" class=\"attachment-large size-large wp-image-12327\" alt=\"\" srcset=\"https:\/\/agrozenit.es\/wp-content\/uploads\/2023\/04\/FOTO-23-PI-1024x683.jpg 1024w, https:\/\/agrozenit.es\/wp-content\/uploads\/2023\/04\/FOTO-23-PI-300x200.jpg 300w, https:\/\/agrozenit.es\/wp-content\/uploads\/2023\/04\/FOTO-23-PI-768x512.jpg 768w, https:\/\/agrozenit.es\/wp-content\/uploads\/2023\/04\/FOTO-23-PI-1536x1024.jpg 1536w, https:\/\/agrozenit.es\/wp-content\/uploads\/2023\/04\/FOTO-23-PI.jpg 1920w\" sizes=\"(max-width: 1024px) 100vw, 1024px\" \/>\t\t\t\t\t\t\t\t\t\t\t\t\t\t\t<\/div>\n\t\t\t\t<\/div>\n\t\t\t\t\t<\/div>\n\t\t<\/div>\n\t\t\t\t<div class=\"elementor-column elementor-col-50 elementor-inner-column elementor-element elementor-element-ec7f84b\" data-id=\"ec7f84b\" data-element_type=\"column\" data-e-type=\"column\">\n\t\t\t<div class=\"elementor-widget-wrap elementor-element-populated\">\n\t\t\t\t\t\t<div class=\"elementor-element elementor-element-5a381ac elementor-widget elementor-widget-image\" data-id=\"5a381ac\" data-element_type=\"widget\" data-e-type=\"widget\" data-widget_type=\"image.default\">\n\t\t\t\t<div class=\"elementor-widget-container\">\n\t\t\t\t\t\t\t\t\t\t\t\t\t\t\t<img decoding=\"async\" width=\"1024\" height=\"683\" src=\"https:\/\/agrozenit.es\/wp-content\/uploads\/2023\/04\/FOTO-25-PI-1024x683.jpg\" class=\"attachment-large size-large wp-image-12328\" alt=\"\" srcset=\"https:\/\/agrozenit.es\/wp-content\/uploads\/2023\/04\/FOTO-25-PI-1024x683.jpg 1024w, https:\/\/agrozenit.es\/wp-content\/uploads\/2023\/04\/FOTO-25-PI-300x200.jpg 300w, https:\/\/agrozenit.es\/wp-content\/uploads\/2023\/04\/FOTO-25-PI-768x512.jpg 768w, https:\/\/agrozenit.es\/wp-content\/uploads\/2023\/04\/FOTO-25-PI-1536x1024.jpg 1536w, https:\/\/agrozenit.es\/wp-content\/uploads\/2023\/04\/FOTO-25-PI.jpg 1920w\" sizes=\"(max-width: 1024px) 100vw, 1024px\" \/>\t\t\t\t\t\t\t\t\t\t\t\t\t\t\t<\/div>\n\t\t\t\t<\/div>\n\t\t\t\t\t<\/div>\n\t\t<\/div>\n\t\t\t\t\t<\/div>\n\t\t<\/section>\n\t\t\t\t<section class=\"elementor-section elementor-inner-section elementor-element elementor-element-b6b1a63 elementor-section-boxed elementor-section-height-default elementor-section-height-default\" data-id=\"b6b1a63\" data-element_type=\"section\" data-e-type=\"section\">\n\t\t\t\t\t\t<div class=\"elementor-container elementor-column-gap-default\">\n\t\t\t\t\t<div class=\"elementor-column elementor-col-100 elementor-inner-column elementor-element elementor-element-5588bd7\" data-id=\"5588bd7\" data-element_type=\"column\" data-e-type=\"column\">\n\t\t\t<div class=\"elementor-widget-wrap elementor-element-populated\">\n\t\t\t\t\t\t<div class=\"elementor-element elementor-element-8d0d836 elementor-widget elementor-widget-text-editor\" data-id=\"8d0d836\" data-element_type=\"widget\" data-e-type=\"widget\" data-widget_type=\"text-editor.default\">\n\t\t\t\t<div class=\"elementor-widget-container\">\n\t\t\t\t\t\t\t\t\t<p>En el \u00e1mbito nacional, la &#8221;Producci\u00f3n Integrada de productos agr\u00edcolas&#8221; est\u00e1 regulada por el Real Decreto 1201\/2002, de 20 de noviembre (BOE n\u00fam. 287 de s\u00e1bado 30 noviembre 2002), que tiene por objeto el establecimiento de las normas de producci\u00f3n y requisitos generales que deben cumplir los operadores que se acojan a los sistemas de producci\u00f3n integrada. En ellas se establecen, dentro de cada fase del ciclo productivo, las pr\u00e1cticas consideradas obligatorias y aquellas que se proh\u00edben expresamente.<\/p>\t\t\t\t\t\t\t\t<\/div>\n\t\t\t\t<\/div>\n\t\t\t\t\t<\/div>\n\t\t<\/div>\n\t\t\t\t\t<\/div>\n\t\t<\/section>\n\t\t\t\t<section class=\"elementor-section elementor-inner-section elementor-element elementor-element-51e56b6 elementor-section-boxed elementor-section-height-default elementor-section-height-default\" data-id=\"51e56b6\" data-element_type=\"section\" data-e-type=\"section\">\n\t\t\t\t\t\t<div class=\"elementor-container elementor-column-gap-default\">\n\t\t\t\t\t<div class=\"elementor-column elementor-col-100 elementor-inner-column elementor-element elementor-element-659f4a1\" data-id=\"659f4a1\" data-element_type=\"column\" data-e-type=\"column\">\n\t\t\t<div class=\"elementor-widget-wrap elementor-element-populated\">\n\t\t\t\t\t\t<div class=\"elementor-element elementor-element-c9fbb5c elementor-widget elementor-widget-image\" data-id=\"c9fbb5c\" data-element_type=\"widget\" data-e-type=\"widget\" data-widget_type=\"image.default\">\n\t\t\t\t<div class=\"elementor-widget-container\">\n\t\t\t\t\t\t\t\t\t\t\t\t\t\t\t<img decoding=\"async\" width=\"1024\" height=\"678\" src=\"https:\/\/agrozenit.es\/wp-content\/uploads\/2023\/04\/FOTO-24-PI-1024x678.jpg\" class=\"attachment-large size-large wp-image-12329\" alt=\"\" srcset=\"https:\/\/agrozenit.es\/wp-content\/uploads\/2023\/04\/FOTO-24-PI-1024x678.jpg 1024w, https:\/\/agrozenit.es\/wp-content\/uploads\/2023\/04\/FOTO-24-PI-300x199.jpg 300w, https:\/\/agrozenit.es\/wp-content\/uploads\/2023\/04\/FOTO-24-PI-768x509.jpg 768w, https:\/\/agrozenit.es\/wp-content\/uploads\/2023\/04\/FOTO-24-PI-1536x1018.jpg 1536w, https:\/\/agrozenit.es\/wp-content\/uploads\/2023\/04\/FOTO-24-PI.jpg 1920w\" sizes=\"(max-width: 1024px) 100vw, 1024px\" \/>\t\t\t\t\t\t\t\t\t\t\t\t\t\t\t<\/div>\n\t\t\t\t<\/div>\n\t\t\t\t\t<\/div>\n\t\t<\/div>\n\t\t\t\t\t<\/div>\n\t\t<\/section>\n\t\t\t\t<section class=\"elementor-section elementor-inner-section elementor-element elementor-element-e3cb0fd elementor-section-boxed elementor-section-height-default elementor-section-height-default\" data-id=\"e3cb0fd\" data-element_type=\"section\" data-e-type=\"section\">\n\t\t\t\t\t\t<div class=\"elementor-container elementor-column-gap-default\">\n\t\t\t\t\t<div class=\"elementor-column elementor-col-100 elementor-inner-column elementor-element elementor-element-a77a55d\" data-id=\"a77a55d\" data-element_type=\"column\" data-e-type=\"column\">\n\t\t\t<div class=\"elementor-widget-wrap elementor-element-populated\">\n\t\t\t\t\t\t<div class=\"elementor-element elementor-element-0bc34a9 elementor-widget elementor-widget-text-editor\" data-id=\"0bc34a9\" data-element_type=\"widget\" data-e-type=\"widget\" data-widget_type=\"text-editor.default\">\n\t\t\t\t<div class=\"elementor-widget-container\">\n\t\t\t\t\t\t\t\t\t<p><a href=\"http:\/\/google.es\" target=\"_blank\" rel=\"noopener\">Acceso a producci\u00f3n integrada ministerio de agricultura.<\/a><\/p><p><a href=\"https:\/\/www.mapa.gob.es\/es\/agricultura\/temas\/produccion-integrada\/\" target=\"_blank\" rel=\"noopener\">Acceso a producci\u00f3n integrada de la Junta de Andaluc\u00eda<\/a><\/p>\t\t\t\t\t\t\t\t<\/div>\n\t\t\t\t<\/div>\n\t\t\t\t\t<\/div>\n\t\t<\/div>\n\t\t\t\t\t<\/div>\n\t\t<\/section>\n\t\t\t\t\t<\/div>\n\t\t<\/div>\n\t\t\t\t\t<\/div>\n\t\t<\/section>\n\t\t\t\t<\/div>\n\t\t","protected":false},"excerpt":{"rendered":"<p>PRODUCCI\u00d3N INTEGRADA La Producci\u00f3n integrada se define como los sistemas agr\u00edcolas de obtenci\u00f3n de vegetales que utilizan y aseguran a largo plazo una agricultura sostenible, introduciendo en ella m\u00e9todos biol\u00f3gicos y qu\u00edmicos de control,\u00a0as\u00ed como\u00a0otras t\u00e9cnicas que compatibilicen las exigencias de la sociedad, la protecci\u00f3n del medio ambiente y la productividad agr\u00edcola, y las operaciones [&hellip;]<\/p>\n","protected":false},"author":2,"featured_media":0,"parent":0,"menu_order":0,"comment_status":"closed","ping_status":"closed","template":"","meta":{"om_disable_all_campaigns":false,"_monsterinsights_skip_tracking":false,"_monsterinsights_sitenote_active":false,"_monsterinsights_sitenote_note":"","_monsterinsights_sitenote_category":0,"footnotes":""},"class_list":["post-12325","page","type-page","status-publish","hentry"],"aioseo_notices":[],"_links":{"self":[{"href":"https:\/\/agrozenit.es\/index.php\/wp-json\/wp\/v2\/pages\/12325","targetHints":{"allow":["GET"]}}],"collection":[{"href":"https:\/\/agrozenit.es\/index.php\/wp-json\/wp\/v2\/pages"}],"about":[{"href":"https:\/\/agrozenit.es\/index.php\/wp-json\/wp\/v2\/types\/page"}],"author":[{"embeddable":true,"href":"https:\/\/agrozenit.es\/index.php\/wp-json\/wp\/v2\/users\/2"}],"replies":[{"embeddable":true,"href":"https:\/\/agrozenit.es\/index.php\/wp-json\/wp\/v2\/comments?post=12325"}],"version-history":[{"count":7,"href":"https:\/\/agrozenit.es\/index.php\/wp-json\/wp\/v2\/pages\/12325\/revisions"}],"predecessor-version":[{"id":12358,"href":"https:\/\/agrozenit.es\/index.php\/wp-json\/wp\/v2\/pages\/12325\/revisions\/12358"}],"wp:attachment":[{"href":"https:\/\/agrozenit.es\/index.php\/wp-json\/wp\/v2\/media?parent=12325"}],"curies":[{"name":"wp","href":"https:\/\/api.w.org\/{rel}","templated":true}]}}