{"id":12313,"date":"2023-04-01T17:11:16","date_gmt":"2023-04-01T15:11:16","guid":{"rendered":"https:\/\/agrozenit.es\/?page_id=12313"},"modified":"2023-04-02T10:55:47","modified_gmt":"2023-04-02T08:55:47","slug":"agricultura-ecologica","status":"publish","type":"page","link":"https:\/\/agrozenit.es\/index.php\/agricultura-ecologica\/","title":{"rendered":"Agricultura ecol\u00f3gica"},"content":{"rendered":"\t\t<div data-elementor-type=\"wp-page\" data-elementor-id=\"12313\" class=\"elementor elementor-12313\">\n\t\t\t\t\t\t<section class=\"elementor-section elementor-top-section elementor-element elementor-element-57e642a elementor-section-boxed elementor-section-height-default elementor-section-height-default\" data-id=\"57e642a\" data-element_type=\"section\" data-e-type=\"section\">\n\t\t\t\t\t\t<div class=\"elementor-container elementor-column-gap-default\">\n\t\t\t\t\t<div class=\"elementor-column elementor-col-100 elementor-top-column elementor-element elementor-element-0c62d16\" data-id=\"0c62d16\" data-element_type=\"column\" data-e-type=\"column\">\n\t\t\t<div class=\"elementor-widget-wrap elementor-element-populated\">\n\t\t\t\t\t\t<div class=\"elementor-element elementor-element-4b3ea85 elementor-widget elementor-widget-heading\" data-id=\"4b3ea85\" data-element_type=\"widget\" data-e-type=\"widget\" data-widget_type=\"heading.default\">\n\t\t\t\t<div class=\"elementor-widget-container\">\n\t\t\t\t\t<h1 class=\"elementor-heading-title elementor-size-large\">Agricultura Ecol\u00f3gica<\/h1>\t\t\t\t<\/div>\n\t\t\t\t<\/div>\n\t\t\t\t\t<\/div>\n\t\t<\/div>\n\t\t\t\t\t<\/div>\n\t\t<\/section>\n\t\t\t\t<section class=\"elementor-section elementor-top-section elementor-element elementor-element-d819063 elementor-section-boxed elementor-section-height-default elementor-section-height-default\" data-id=\"d819063\" data-element_type=\"section\" data-e-type=\"section\">\n\t\t\t\t\t\t<div class=\"elementor-container elementor-column-gap-default\">\n\t\t\t\t\t<div class=\"elementor-column elementor-col-100 elementor-top-column elementor-element elementor-element-dd9c269\" data-id=\"dd9c269\" data-element_type=\"column\" data-e-type=\"column\">\n\t\t\t<div class=\"elementor-widget-wrap elementor-element-populated\">\n\t\t\t\t\t\t<section class=\"elementor-section elementor-inner-section elementor-element elementor-element-d035c15 elementor-section-boxed elementor-section-height-default elementor-section-height-default\" data-id=\"d035c15\" data-element_type=\"section\" data-e-type=\"section\">\n\t\t\t\t\t\t<div class=\"elementor-container elementor-column-gap-default\">\n\t\t\t\t\t<div class=\"elementor-column elementor-col-100 elementor-inner-column elementor-element elementor-element-73d05e3\" data-id=\"73d05e3\" data-element_type=\"column\" data-e-type=\"column\">\n\t\t\t<div class=\"elementor-widget-wrap elementor-element-populated\">\n\t\t\t\t\t\t<div class=\"elementor-element elementor-element-9bf3566 elementor-widget elementor-widget-text-editor\" data-id=\"9bf3566\" data-element_type=\"widget\" data-e-type=\"widget\" data-widget_type=\"text-editor.default\">\n\t\t\t\t<div class=\"elementor-widget-container\">\n\t\t\t\t\t\t\t\t\t<p>La <strong>agricultura ecol\u00f3gica<\/strong> es un sistema agrario cuyo objeto es la obtenci\u00f3n de alimentos de m\u00e1xima calidad, respetando el medio ambiente y conservando la fertilidad de la tierra mediante la utilizaci\u00f3n \u00f3ptima de los recursos naturales. Para ello emplea m\u00e9todos de cultivo biol\u00f3gicos y mec\u00e1nicos y evita los productos qu\u00edmicos de s\u00edntesis.<\/p>\t\t\t\t\t\t\t\t<\/div>\n\t\t\t\t<\/div>\n\t\t\t\t\t<\/div>\n\t\t<\/div>\n\t\t\t\t\t<\/div>\n\t\t<\/section>\n\t\t\t\t<div class=\"elementor-element elementor-element-f8fd1a8 elementor-widget elementor-widget-image\" data-id=\"f8fd1a8\" data-element_type=\"widget\" data-e-type=\"widget\" data-widget_type=\"image.default\">\n\t\t\t\t<div class=\"elementor-widget-container\">\n\t\t\t\t\t\t\t\t\t\t\t\t\t\t\t<img fetchpriority=\"high\" decoding=\"async\" width=\"1024\" height=\"654\" src=\"https:\/\/agrozenit.es\/wp-content\/uploads\/2023\/04\/FOTO-26-AE-1024x654.jpg\" class=\"attachment-large size-large wp-image-12316\" alt=\"\" srcset=\"https:\/\/agrozenit.es\/wp-content\/uploads\/2023\/04\/FOTO-26-AE-1024x654.jpg 1024w, https:\/\/agrozenit.es\/wp-content\/uploads\/2023\/04\/FOTO-26-AE-300x192.jpg 300w, https:\/\/agrozenit.es\/wp-content\/uploads\/2023\/04\/FOTO-26-AE-768x490.jpg 768w, https:\/\/agrozenit.es\/wp-content\/uploads\/2023\/04\/FOTO-26-AE-1536x981.jpg 1536w, https:\/\/agrozenit.es\/wp-content\/uploads\/2023\/04\/FOTO-26-AE-390x250.jpg 390w, https:\/\/agrozenit.es\/wp-content\/uploads\/2023\/04\/FOTO-26-AE.jpg 1920w\" sizes=\"(max-width: 1024px) 100vw, 1024px\" \/>\t\t\t\t\t\t\t\t\t\t\t\t\t\t\t<\/div>\n\t\t\t\t<\/div>\n\t\t\t\t<section class=\"elementor-section elementor-inner-section elementor-element elementor-element-0014761 elementor-section-boxed elementor-section-height-default elementor-section-height-default\" data-id=\"0014761\" data-element_type=\"section\" data-e-type=\"section\">\n\t\t\t\t\t\t<div class=\"elementor-container elementor-column-gap-default\">\n\t\t\t\t\t<div class=\"elementor-column elementor-col-100 elementor-inner-column elementor-element elementor-element-3767ce4\" data-id=\"3767ce4\" data-element_type=\"column\" data-e-type=\"column\">\n\t\t\t<div class=\"elementor-widget-wrap elementor-element-populated\">\n\t\t\t\t\t\t<div class=\"elementor-element elementor-element-075724e elementor-widget elementor-widget-text-editor\" data-id=\"075724e\" data-element_type=\"widget\" data-e-type=\"widget\" data-widget_type=\"text-editor.default\">\n\t\t\t\t<div class=\"elementor-widget-container\">\n\t\t\t\t\t\t\t\t\t<p class=\"cmparagraph\" style=\"text-align: justify; margin: 6.0pt 0cm 6.0pt 0cm;\"><span style=\"font-size: 14.0pt; font-family: 'Arial',sans-serif; color: #333333;\">La agricultura ecol\u00f3gica se diferencia de otros sistemas de producci\u00f3n agr\u00edcola en varios aspectos:<\/span><\/p><p class=\"cmparagraph\" style=\"text-align: justify; margin: 6.0pt 0cm 6.0pt 0cm;\"><strong><span style=\"font-size: 14.0pt; font-family: 'Arial',sans-serif; color: #333333;\">1.\u00a0La fertilidad y actividad biol\u00f3gica del suelo\u00a0<\/span><\/strong><span style=\"font-size: 14.0pt; font-family: 'Arial',sans-serif; color: #333333;\">se mantiene mediante el cultivo de leguminosas, el abonado en verde y las plantas de enraizamiento profundo, siguiendo un programa de rotaci\u00f3n de cultivos anual. De esta forma se reduce la erosi\u00f3n h\u00eddrica del suelo, fija el nitr\u00f3geno atmosf\u00e9rico y supone un aporte de materia org\u00e1nica al suelo.<\/span><\/p>\t\t\t\t\t\t\t\t<\/div>\n\t\t\t\t<\/div>\n\t\t\t\t\t<\/div>\n\t\t<\/div>\n\t\t\t\t\t<\/div>\n\t\t<\/section>\n\t\t\t\t<div class=\"elementor-element elementor-element-21d591a elementor-widget elementor-widget-image\" data-id=\"21d591a\" data-element_type=\"widget\" data-e-type=\"widget\" data-widget_type=\"image.default\">\n\t\t\t\t<div class=\"elementor-widget-container\">\n\t\t\t\t\t\t\t\t\t\t\t\t\t\t\t<img decoding=\"async\" width=\"1024\" height=\"683\" src=\"https:\/\/agrozenit.es\/wp-content\/uploads\/2023\/04\/FOTO-27-AE-1024x683.jpg\" class=\"attachment-large size-large wp-image-12317\" alt=\"\" srcset=\"https:\/\/agrozenit.es\/wp-content\/uploads\/2023\/04\/FOTO-27-AE-1024x683.jpg 1024w, https:\/\/agrozenit.es\/wp-content\/uploads\/2023\/04\/FOTO-27-AE-300x200.jpg 300w, https:\/\/agrozenit.es\/wp-content\/uploads\/2023\/04\/FOTO-27-AE-768x512.jpg 768w, https:\/\/agrozenit.es\/wp-content\/uploads\/2023\/04\/FOTO-27-AE-1536x1024.jpg 1536w, https:\/\/agrozenit.es\/wp-content\/uploads\/2023\/04\/FOTO-27-AE.jpg 1920w\" sizes=\"(max-width: 1024px) 100vw, 1024px\" \/>\t\t\t\t\t\t\t\t\t\t\t\t\t\t\t<\/div>\n\t\t\t\t<\/div>\n\t\t\t\t<section class=\"elementor-section elementor-inner-section elementor-element elementor-element-31b0716 elementor-section-boxed elementor-section-height-default elementor-section-height-default\" data-id=\"31b0716\" data-element_type=\"section\" data-e-type=\"section\">\n\t\t\t\t\t\t<div class=\"elementor-container elementor-column-gap-default\">\n\t\t\t\t\t<div class=\"elementor-column elementor-col-100 elementor-inner-column elementor-element elementor-element-5293e95\" data-id=\"5293e95\" data-element_type=\"column\" data-e-type=\"column\">\n\t\t\t<div class=\"elementor-widget-wrap elementor-element-populated\">\n\t\t\t\t\t\t<div class=\"elementor-element elementor-element-dd8a576 elementor-widget elementor-widget-text-editor\" data-id=\"dd8a576\" data-element_type=\"widget\" data-e-type=\"widget\" data-widget_type=\"text-editor.default\">\n\t\t\t\t<div class=\"elementor-widget-container\">\n\t\t\t\t\t\t\t\t\t<p class=\"cmparagraph\" style=\"text-align: justify; margin: 6.0pt 0cm 6.0pt 0cm;\"><span style=\"font-size: 14.0pt; font-family: 'Arial',sans-serif; color: #333333;\">Esta medida puede complementarse incorporando a la tierra esti\u00e9rcol procedente de explotaciones ganaderas ecol\u00f3gicas y materias org\u00e1nicas transformadas en compost o sin transformar.<\/span><\/p><p class=\"cmparagraph\" style=\"text-align: justify; margin: 6.0pt 0cm 6.0pt 0cm;\"><span style=\"font-size: 14.0pt; font-family: 'Arial',sans-serif; color: #333333;\">Si con estos sistemas no se ha logrado todav\u00eda una nutrici\u00f3n adecuada de los vegetales, se pueden incorporar fertilizantes org\u00e1nicos o minerales naturales poco solubles que no se obtienen mediante s\u00edntesis qu\u00edmica y que figuran en el anexo II del Reglamento de ejecuci\u00f3n (UE) 2021\/1165.<\/span><\/p>\t\t\t\t\t\t\t\t<\/div>\n\t\t\t\t<\/div>\n\t\t\t\t\t<\/div>\n\t\t<\/div>\n\t\t\t\t\t<\/div>\n\t\t<\/section>\n\t\t\t\t<div class=\"elementor-element elementor-element-2c5f007 elementor-widget elementor-widget-image\" data-id=\"2c5f007\" data-element_type=\"widget\" data-e-type=\"widget\" data-widget_type=\"image.default\">\n\t\t\t\t<div class=\"elementor-widget-container\">\n\t\t\t\t\t\t\t\t\t\t\t\t\t\t\t<img decoding=\"async\" width=\"900\" height=\"550\" src=\"https:\/\/agrozenit.es\/wp-content\/uploads\/2023\/04\/FOTO-28-AE-900x550.jpg\" class=\"attachment-gardenet-blog-single size-gardenet-blog-single wp-image-12319\" alt=\"\" \/>\t\t\t\t\t\t\t\t\t\t\t\t\t\t\t<\/div>\n\t\t\t\t<\/div>\n\t\t\t\t<section class=\"elementor-section elementor-inner-section elementor-element elementor-element-dab3424 elementor-section-boxed elementor-section-height-default elementor-section-height-default\" data-id=\"dab3424\" data-element_type=\"section\" data-e-type=\"section\">\n\t\t\t\t\t\t<div class=\"elementor-container elementor-column-gap-default\">\n\t\t\t\t\t<div class=\"elementor-column elementor-col-100 elementor-inner-column elementor-element elementor-element-7cd1bcc\" data-id=\"7cd1bcc\" data-element_type=\"column\" data-e-type=\"column\">\n\t\t\t<div class=\"elementor-widget-wrap elementor-element-populated\">\n\t\t\t\t\t\t<div class=\"elementor-element elementor-element-9db242c elementor-widget elementor-widget-text-editor\" data-id=\"9db242c\" data-element_type=\"widget\" data-e-type=\"widget\" data-widget_type=\"text-editor.default\">\n\t\t\t\t<div class=\"elementor-widget-container\">\n\t\t\t\t\t\t\t\t\t<ol start=\"2\"><li><strong> La protecci\u00f3n de las plantas contra los par\u00e1sitos y las enfermedades\u00a0<\/strong>pasa por:<\/li><\/ol><ul><li>La selecci\u00f3n de las especies y las variedades que sean resistentes por naturaleza.<\/li><li>La aplicaci\u00f3n de programas de rotaci\u00f3n de cultivos.<\/li><li>El empleo de medios mec\u00e1nicos de cultivo.<\/li><li>La quema de malas hierbas y la protecci\u00f3n de los enemigos naturales de los par\u00e1sitos, como la conservaci\u00f3n de setos o nidos.<\/li><\/ul>\t\t\t\t\t\t\t\t<\/div>\n\t\t\t\t<\/div>\n\t\t\t\t\t<\/div>\n\t\t<\/div>\n\t\t\t\t\t<\/div>\n\t\t<\/section>\n\t\t\t\t<div class=\"elementor-element elementor-element-17e7af3 elementor-widget elementor-widget-image\" data-id=\"17e7af3\" data-element_type=\"widget\" data-e-type=\"widget\" data-widget_type=\"image.default\">\n\t\t\t\t<div class=\"elementor-widget-container\">\n\t\t\t\t\t\t\t\t\t\t\t\t\t\t\t<img loading=\"lazy\" decoding=\"async\" width=\"1024\" height=\"683\" src=\"https:\/\/agrozenit.es\/wp-content\/uploads\/2023\/04\/FOTO-29-AE-1024x683.jpg\" class=\"attachment-large size-large wp-image-12320\" alt=\"\" srcset=\"https:\/\/agrozenit.es\/wp-content\/uploads\/2023\/04\/FOTO-29-AE-1024x683.jpg 1024w, https:\/\/agrozenit.es\/wp-content\/uploads\/2023\/04\/FOTO-29-AE-300x200.jpg 300w, https:\/\/agrozenit.es\/wp-content\/uploads\/2023\/04\/FOTO-29-AE-768x512.jpg 768w, https:\/\/agrozenit.es\/wp-content\/uploads\/2023\/04\/FOTO-29-AE-1536x1024.jpg 1536w, https:\/\/agrozenit.es\/wp-content\/uploads\/2023\/04\/FOTO-29-AE.jpg 1920w\" sizes=\"(max-width: 1024px) 100vw, 1024px\" \/>\t\t\t\t\t\t\t\t\t\t\t\t\t\t\t<\/div>\n\t\t\t\t<\/div>\n\t\t\t\t<section class=\"elementor-section elementor-inner-section elementor-element elementor-element-fe9ac61 elementor-section-boxed elementor-section-height-default elementor-section-height-default\" data-id=\"fe9ac61\" data-element_type=\"section\" data-e-type=\"section\">\n\t\t\t\t\t\t<div class=\"elementor-container elementor-column-gap-default\">\n\t\t\t\t\t<div class=\"elementor-column elementor-col-100 elementor-inner-column elementor-element elementor-element-7f13bf8\" data-id=\"7f13bf8\" data-element_type=\"column\" data-e-type=\"column\">\n\t\t\t<div class=\"elementor-widget-wrap elementor-element-populated\">\n\t\t\t\t\t\t<div class=\"elementor-element elementor-element-bc2edae elementor-widget elementor-widget-text-editor\" data-id=\"bc2edae\" data-element_type=\"widget\" data-e-type=\"widget\" data-widget_type=\"text-editor.default\">\n\t\t\t\t<div class=\"elementor-widget-container\">\n\t\t\t\t\t\t\t\t\t<p>Cuando sea necesario utilizar productos fitosanitarios solo podr\u00e1n emplearse los que figuran en el Anexo I del Reglamento de ejecuci\u00f3n (UE) 2021 \/ 1165 .<\/p><p>El periodo m\u00ednimo para convertir una parcela de agricultura convencional en ecol\u00f3gica es de <strong>dos a\u00f1os para cultivos anuales y tres para cultivos perennes.<\/strong><\/p><p><a href=\"https:\/\/www.mapa.gob.es\/es\/alimentacion\/temas\/produccion-eco\/\" target=\"_blank\" rel=\"noopener\">ACCESO A LA WEB DEL MINISTERIO<\/a><\/p><p><a href=\"https:\/\/www.juntadeandalucia.es\/organismos\/agriculturapescaaguaydesarrollorural\/areas\/produccion-ecologica\/agricultura-ecologica.html\" target=\"_blank\" rel=\"noopener\">ACCESO A LA WEB JUNTA DE ANDALUCIA<\/a><\/p><p><a href=\"https:\/\/www.comunidad.madrid\/servicios\/medio-rural\/produccion-ecologica\" target=\"_blank\" rel=\"noopener\">ACCESO A PRODUCCI\u00d3N ECOL\u00d3GICA COMUNIDAD DE MADRID<\/a><\/p>\t\t\t\t\t\t\t\t<\/div>\n\t\t\t\t<\/div>\n\t\t\t\t\t<\/div>\n\t\t<\/div>\n\t\t\t\t\t<\/div>\n\t\t<\/section>\n\t\t\t\t\t<\/div>\n\t\t<\/div>\n\t\t\t\t\t<\/div>\n\t\t<\/section>\n\t\t\t\t<\/div>\n\t\t","protected":false},"excerpt":{"rendered":"<p>Agricultura Ecol\u00f3gica La agricultura ecol\u00f3gica es un sistema agrario cuyo objeto es la obtenci\u00f3n de alimentos de m\u00e1xima calidad, respetando el medio ambiente y conservando la fertilidad de la tierra mediante la utilizaci\u00f3n \u00f3ptima de los recursos naturales. Para ello emplea m\u00e9todos de cultivo biol\u00f3gicos y mec\u00e1nicos y evita los productos qu\u00edmicos de s\u00edntesis. La [&hellip;]<\/p>\n","protected":false},"author":2,"featured_media":0,"parent":0,"menu_order":0,"comment_status":"closed","ping_status":"closed","template":"","meta":{"om_disable_all_campaigns":false,"_monsterinsights_skip_tracking":false,"_monsterinsights_sitenote_active":false,"_monsterinsights_sitenote_note":"","_monsterinsights_sitenote_category":0,"footnotes":""},"class_list":["post-12313","page","type-page","status-publish","hentry"],"aioseo_notices":[],"_links":{"self":[{"href":"https:\/\/agrozenit.es\/index.php\/wp-json\/wp\/v2\/pages\/12313","targetHints":{"allow":["GET"]}}],"collection":[{"href":"https:\/\/agrozenit.es\/index.php\/wp-json\/wp\/v2\/pages"}],"about":[{"href":"https:\/\/agrozenit.es\/index.php\/wp-json\/wp\/v2\/types\/page"}],"author":[{"embeddable":true,"href":"https:\/\/agrozenit.es\/index.php\/wp-json\/wp\/v2\/users\/2"}],"replies":[{"embeddable":true,"href":"https:\/\/agrozenit.es\/index.php\/wp-json\/wp\/v2\/comments?post=12313"}],"version-history":[{"count":7,"href":"https:\/\/agrozenit.es\/index.php\/wp-json\/wp\/v2\/pages\/12313\/revisions"}],"predecessor-version":[{"id":12355,"href":"https:\/\/agrozenit.es\/index.php\/wp-json\/wp\/v2\/pages\/12313\/revisions\/12355"}],"wp:attachment":[{"href":"https:\/\/agrozenit.es\/index.php\/wp-json\/wp\/v2\/media?parent=12313"}],"curies":[{"name":"wp","href":"https:\/\/api.w.org\/{rel}","templated":true}]}}