{"id":12304,"date":"2023-03-31T02:46:11","date_gmt":"2023-03-31T00:46:11","guid":{"rendered":"https:\/\/agrozenit.es\/?page_id=12304"},"modified":"2023-03-31T02:59:55","modified_gmt":"2023-03-31T00:59:55","slug":"agricultura-convencional","status":"publish","type":"page","link":"https:\/\/agrozenit.es\/index.php\/agricultura-convencional\/","title":{"rendered":"Agricultura convencional"},"content":{"rendered":"\t\t<div data-elementor-type=\"wp-page\" data-elementor-id=\"12304\" class=\"elementor elementor-12304\">\n\t\t\t\t\t\t<section class=\"elementor-section elementor-top-section elementor-element elementor-element-79b7e69 elementor-section-boxed elementor-section-height-default elementor-section-height-default\" data-id=\"79b7e69\" data-element_type=\"section\" data-e-type=\"section\">\n\t\t\t\t\t\t<div class=\"elementor-container elementor-column-gap-default\">\n\t\t\t\t\t<div class=\"elementor-column elementor-col-100 elementor-top-column elementor-element elementor-element-f38827d\" data-id=\"f38827d\" data-element_type=\"column\" data-e-type=\"column\">\n\t\t\t<div class=\"elementor-widget-wrap elementor-element-populated\">\n\t\t\t\t\t\t<div class=\"elementor-element elementor-element-620e156 elementor-widget elementor-widget-heading\" data-id=\"620e156\" data-element_type=\"widget\" data-e-type=\"widget\" data-widget_type=\"heading.default\">\n\t\t\t\t<div class=\"elementor-widget-container\">\n\t\t\t\t\t<h1 class=\"elementor-heading-title elementor-size-large\">AGRICULTURA CONVENCIONAL<\/h1>\t\t\t\t<\/div>\n\t\t\t\t<\/div>\n\t\t\t\t\t<\/div>\n\t\t<\/div>\n\t\t\t\t\t<\/div>\n\t\t<\/section>\n\t\t\t\t<section class=\"elementor-section elementor-top-section elementor-element elementor-element-935759b elementor-section-boxed elementor-section-height-default elementor-section-height-default\" data-id=\"935759b\" data-element_type=\"section\" data-e-type=\"section\">\n\t\t\t\t\t\t<div class=\"elementor-container elementor-column-gap-default\">\n\t\t\t\t\t<div class=\"elementor-column elementor-col-100 elementor-top-column elementor-element elementor-element-0f6d3ff\" data-id=\"0f6d3ff\" data-element_type=\"column\" data-e-type=\"column\">\n\t\t\t<div class=\"elementor-widget-wrap elementor-element-populated\">\n\t\t\t\t\t\t<section class=\"elementor-section elementor-inner-section elementor-element elementor-element-60d205b elementor-section-boxed elementor-section-height-default elementor-section-height-default\" data-id=\"60d205b\" data-element_type=\"section\" data-e-type=\"section\">\n\t\t\t\t\t\t<div class=\"elementor-container elementor-column-gap-default\">\n\t\t\t\t\t<div class=\"elementor-column elementor-col-100 elementor-inner-column elementor-element elementor-element-da9106a\" data-id=\"da9106a\" data-element_type=\"column\" data-e-type=\"column\">\n\t\t\t<div class=\"elementor-widget-wrap elementor-element-populated\">\n\t\t\t\t\t\t<div class=\"elementor-element elementor-element-85760ab elementor-widget elementor-widget-text-editor\" data-id=\"85760ab\" data-element_type=\"widget\" data-e-type=\"widget\" data-widget_type=\"text-editor.default\">\n\t\t\t\t<div class=\"elementor-widget-container\">\n\t\t\t\t\t\t\t\t\t<p style=\"text-indent: 12pt; line-height: 18pt; margin: 0cm 0cm 12pt; text-align: left;\"><span style=\"font-family: 'Arial',sans-serif; color: black; background: white;\">Entre las d\u00e9cadas de los a\u00f1os 60 y 80 tuvo lugar en agricultura lo que se denomin\u00f3 la Revoluci\u00f3n Verde. Supuso un gran incremento en la producci\u00f3n agr\u00edcola mundial pudi\u00e9ndose abastecer de alimentos a miles de millones de personas.<\/span><\/p>\t\t\t\t\t\t\t\t<\/div>\n\t\t\t\t<\/div>\n\t\t\t\t\t<\/div>\n\t\t<\/div>\n\t\t\t\t\t<\/div>\n\t\t<\/section>\n\t\t\t\t<div class=\"elementor-element elementor-element-56c6a7a elementor-widget elementor-widget-image\" data-id=\"56c6a7a\" data-element_type=\"widget\" data-e-type=\"widget\" data-widget_type=\"image.default\">\n\t\t\t\t<div class=\"elementor-widget-container\">\n\t\t\t\t\t\t\t\t\t\t\t\t\t\t\t<img fetchpriority=\"high\" decoding=\"async\" width=\"1024\" height=\"683\" src=\"https:\/\/agrozenit.es\/wp-content\/uploads\/2023\/03\/FOTO-20-AC-1024x683.jpg\" class=\"attachment-large size-large wp-image-12306\" alt=\"\" srcset=\"https:\/\/agrozenit.es\/wp-content\/uploads\/2023\/03\/FOTO-20-AC-1024x683.jpg 1024w, https:\/\/agrozenit.es\/wp-content\/uploads\/2023\/03\/FOTO-20-AC-300x200.jpg 300w, https:\/\/agrozenit.es\/wp-content\/uploads\/2023\/03\/FOTO-20-AC-768x512.jpg 768w, https:\/\/agrozenit.es\/wp-content\/uploads\/2023\/03\/FOTO-20-AC-1536x1024.jpg 1536w, https:\/\/agrozenit.es\/wp-content\/uploads\/2023\/03\/FOTO-20-AC.jpg 1920w\" sizes=\"(max-width: 1024px) 100vw, 1024px\" \/>\t\t\t\t\t\t\t\t\t\t\t\t\t\t\t<\/div>\n\t\t\t\t<\/div>\n\t\t\t\t<section class=\"elementor-section elementor-inner-section elementor-element elementor-element-12e1168 elementor-section-boxed elementor-section-height-default elementor-section-height-default\" data-id=\"12e1168\" data-element_type=\"section\" data-e-type=\"section\">\n\t\t\t\t\t\t<div class=\"elementor-container elementor-column-gap-default\">\n\t\t\t\t\t<div class=\"elementor-column elementor-col-100 elementor-inner-column elementor-element elementor-element-8457f29\" data-id=\"8457f29\" data-element_type=\"column\" data-e-type=\"column\">\n\t\t\t<div class=\"elementor-widget-wrap elementor-element-populated\">\n\t\t\t\t\t\t<div class=\"elementor-element elementor-element-db4f491 elementor-widget elementor-widget-text-editor\" data-id=\"db4f491\" data-element_type=\"widget\" data-e-type=\"widget\" data-widget_type=\"text-editor.default\">\n\t\t\t\t<div class=\"elementor-widget-container\">\n\t\t\t\t\t\t\t\t\t<p>La pr\u00e1cticas agr\u00edcolas que se implementaron en este periodo y que contin\u00faan realiz\u00e1ndose en la actualidad se caracterizan por la utilizaci\u00f3n de fertilizantes de s\u00edntesis, variedades h\u00edbridas y por la mecanizaci\u00f3n de las trabajos agr\u00edcolas.<\/p>\t\t\t\t\t\t\t\t<\/div>\n\t\t\t\t<\/div>\n\t\t\t\t\t<\/div>\n\t\t<\/div>\n\t\t\t\t\t<\/div>\n\t\t<\/section>\n\t\t\t\t<div class=\"elementor-element elementor-element-b2c937e elementor-widget elementor-widget-image\" data-id=\"b2c937e\" data-element_type=\"widget\" data-e-type=\"widget\" data-widget_type=\"image.default\">\n\t\t\t\t<div class=\"elementor-widget-container\">\n\t\t\t\t\t\t\t\t\t\t\t\t\t\t\t<img decoding=\"async\" width=\"1024\" height=\"683\" src=\"https:\/\/agrozenit.es\/wp-content\/uploads\/2023\/03\/FOTO-21-AC-1024x683.jpg\" class=\"attachment-large size-large wp-image-12307\" alt=\"\" srcset=\"https:\/\/agrozenit.es\/wp-content\/uploads\/2023\/03\/FOTO-21-AC-1024x683.jpg 1024w, https:\/\/agrozenit.es\/wp-content\/uploads\/2023\/03\/FOTO-21-AC-300x200.jpg 300w, https:\/\/agrozenit.es\/wp-content\/uploads\/2023\/03\/FOTO-21-AC-768x512.jpg 768w, https:\/\/agrozenit.es\/wp-content\/uploads\/2023\/03\/FOTO-21-AC-1536x1024.jpg 1536w, https:\/\/agrozenit.es\/wp-content\/uploads\/2023\/03\/FOTO-21-AC.jpg 1920w\" sizes=\"(max-width: 1024px) 100vw, 1024px\" \/>\t\t\t\t\t\t\t\t\t\t\t\t\t\t\t<\/div>\n\t\t\t\t<\/div>\n\t\t\t\t<section class=\"elementor-section elementor-inner-section elementor-element elementor-element-64469d1 elementor-section-boxed elementor-section-height-default elementor-section-height-default\" data-id=\"64469d1\" data-element_type=\"section\" data-e-type=\"section\">\n\t\t\t\t\t\t<div class=\"elementor-container elementor-column-gap-default\">\n\t\t\t\t\t<div class=\"elementor-column elementor-col-100 elementor-inner-column elementor-element elementor-element-b4fb593\" data-id=\"b4fb593\" data-element_type=\"column\" data-e-type=\"column\">\n\t\t\t<div class=\"elementor-widget-wrap elementor-element-populated\">\n\t\t\t\t\t\t<div class=\"elementor-element elementor-element-104ff1c elementor-widget elementor-widget-text-editor\" data-id=\"104ff1c\" data-element_type=\"widget\" data-e-type=\"widget\" data-widget_type=\"text-editor.default\">\n\t\t\t\t<div class=\"elementor-widget-container\">\n\t\t\t\t\t\t\t\t\t<p>En la actualidad, gran parte \u00a0de los agricultores siguen utilizando este patr\u00f3n como sistemas de \u00a0producci\u00f3n agr\u00edcola, que denominamos &#8220;agricultura convencional&#8221;, que no tradicional, ni actual.<\/p>\t\t\t\t\t\t\t\t<\/div>\n\t\t\t\t<\/div>\n\t\t\t\t\t<\/div>\n\t\t<\/div>\n\t\t\t\t\t<\/div>\n\t\t<\/section>\n\t\t\t\t<div class=\"elementor-element elementor-element-51b3d95 elementor-widget elementor-widget-image\" data-id=\"51b3d95\" data-element_type=\"widget\" data-e-type=\"widget\" data-widget_type=\"image.default\">\n\t\t\t\t<div class=\"elementor-widget-container\">\n\t\t\t\t\t\t\t\t\t\t\t\t\t\t\t<img decoding=\"async\" width=\"1024\" height=\"684\" src=\"https:\/\/agrozenit.es\/wp-content\/uploads\/2023\/03\/FOTO-22-AC-1024x684.jpg\" class=\"attachment-large size-large wp-image-12308\" alt=\"\" srcset=\"https:\/\/agrozenit.es\/wp-content\/uploads\/2023\/03\/FOTO-22-AC-1024x684.jpg 1024w, https:\/\/agrozenit.es\/wp-content\/uploads\/2023\/03\/FOTO-22-AC-300x200.jpg 300w, https:\/\/agrozenit.es\/wp-content\/uploads\/2023\/03\/FOTO-22-AC-768x513.jpg 768w, https:\/\/agrozenit.es\/wp-content\/uploads\/2023\/03\/FOTO-22-AC-1536x1026.jpg 1536w, https:\/\/agrozenit.es\/wp-content\/uploads\/2023\/03\/FOTO-22-AC.jpg 1920w\" sizes=\"(max-width: 1024px) 100vw, 1024px\" \/>\t\t\t\t\t\t\t\t\t\t\t\t\t\t\t<\/div>\n\t\t\t\t<\/div>\n\t\t\t\t\t<\/div>\n\t\t<\/div>\n\t\t\t\t\t<\/div>\n\t\t<\/section>\n\t\t\t\t<\/div>\n\t\t","protected":false},"excerpt":{"rendered":"<p>AGRICULTURA CONVENCIONAL Entre las d\u00e9cadas de los a\u00f1os 60 y 80 tuvo lugar en agricultura lo que se denomin\u00f3 la Revoluci\u00f3n Verde. Supuso un gran incremento en la producci\u00f3n agr\u00edcola mundial pudi\u00e9ndose abastecer de alimentos a miles de millones de personas. La pr\u00e1cticas agr\u00edcolas que se implementaron en este periodo y que contin\u00faan realiz\u00e1ndose en [&hellip;]<\/p>\n","protected":false},"author":2,"featured_media":0,"parent":0,"menu_order":0,"comment_status":"closed","ping_status":"closed","template":"","meta":{"om_disable_all_campaigns":false,"_monsterinsights_skip_tracking":false,"_monsterinsights_sitenote_active":false,"_monsterinsights_sitenote_note":"","_monsterinsights_sitenote_category":0,"footnotes":""},"class_list":["post-12304","page","type-page","status-publish","hentry"],"aioseo_notices":[],"_links":{"self":[{"href":"https:\/\/agrozenit.es\/index.php\/wp-json\/wp\/v2\/pages\/12304","targetHints":{"allow":["GET"]}}],"collection":[{"href":"https:\/\/agrozenit.es\/index.php\/wp-json\/wp\/v2\/pages"}],"about":[{"href":"https:\/\/agrozenit.es\/index.php\/wp-json\/wp\/v2\/types\/page"}],"author":[{"embeddable":true,"href":"https:\/\/agrozenit.es\/index.php\/wp-json\/wp\/v2\/users\/2"}],"replies":[{"embeddable":true,"href":"https:\/\/agrozenit.es\/index.php\/wp-json\/wp\/v2\/comments?post=12304"}],"version-history":[{"count":4,"href":"https:\/\/agrozenit.es\/index.php\/wp-json\/wp\/v2\/pages\/12304\/revisions"}],"predecessor-version":[{"id":12311,"href":"https:\/\/agrozenit.es\/index.php\/wp-json\/wp\/v2\/pages\/12304\/revisions\/12311"}],"wp:attachment":[{"href":"https:\/\/agrozenit.es\/index.php\/wp-json\/wp\/v2\/media?parent=12304"}],"curies":[{"name":"wp","href":"https:\/\/api.w.org\/{rel}","templated":true}]}}