{"id":12287,"date":"2023-03-31T01:51:10","date_gmt":"2023-03-30T23:51:10","guid":{"rendered":"https:\/\/agrozenit.es\/?page_id=12287"},"modified":"2023-03-31T01:54:31","modified_gmt":"2023-03-30T23:54:31","slug":"riego-solar","status":"publish","type":"page","link":"https:\/\/agrozenit.es\/index.php\/riego-solar\/","title":{"rendered":"Riego Solar"},"content":{"rendered":"\t\t<div data-elementor-type=\"wp-page\" data-elementor-id=\"12287\" class=\"elementor elementor-12287\">\n\t\t\t\t\t\t<section class=\"elementor-section elementor-top-section elementor-element elementor-element-acd3772 elementor-section-boxed elementor-section-height-default elementor-section-height-default\" data-id=\"acd3772\" data-element_type=\"section\" data-e-type=\"section\">\n\t\t\t\t\t\t<div class=\"elementor-container elementor-column-gap-default\">\n\t\t\t\t\t<div class=\"elementor-column elementor-col-100 elementor-top-column elementor-element elementor-element-5f100de\" data-id=\"5f100de\" data-element_type=\"column\" data-e-type=\"column\">\n\t\t\t<div class=\"elementor-widget-wrap elementor-element-populated\">\n\t\t\t\t\t\t<div class=\"elementor-element elementor-element-cad86f1 elementor-widget elementor-widget-heading\" data-id=\"cad86f1\" data-element_type=\"widget\" data-e-type=\"widget\" data-widget_type=\"heading.default\">\n\t\t\t\t<div class=\"elementor-widget-container\">\n\t\t\t\t\t<h1 class=\"elementor-heading-title elementor-size-large\">INSTALACIONES FOTOVOLTAICAS PARA RIEGO AGR\u00cdCOLA<\/h1>\t\t\t\t<\/div>\n\t\t\t\t<\/div>\n\t\t\t\t\t<\/div>\n\t\t<\/div>\n\t\t\t\t\t<\/div>\n\t\t<\/section>\n\t\t\t\t<section class=\"elementor-section elementor-top-section elementor-element elementor-element-e43bb00 elementor-section-boxed elementor-section-height-default elementor-section-height-default\" data-id=\"e43bb00\" data-element_type=\"section\" data-e-type=\"section\">\n\t\t\t\t\t\t<div class=\"elementor-container elementor-column-gap-default\">\n\t\t\t\t\t<div class=\"elementor-column elementor-col-100 elementor-top-column elementor-element elementor-element-d08c11f\" data-id=\"d08c11f\" data-element_type=\"column\" data-e-type=\"column\">\n\t\t\t<div class=\"elementor-widget-wrap elementor-element-populated\">\n\t\t\t\t\t\t<section class=\"elementor-section elementor-inner-section elementor-element elementor-element-2d11061 elementor-section-boxed elementor-section-height-default elementor-section-height-default\" data-id=\"2d11061\" data-element_type=\"section\" data-e-type=\"section\">\n\t\t\t\t\t\t<div class=\"elementor-container elementor-column-gap-default\">\n\t\t\t\t\t<div class=\"elementor-column elementor-col-100 elementor-inner-column elementor-element elementor-element-42c2a13\" data-id=\"42c2a13\" data-element_type=\"column\" data-e-type=\"column\">\n\t\t\t<div class=\"elementor-widget-wrap elementor-element-populated\">\n\t\t\t\t\t\t<div class=\"elementor-element elementor-element-2a2466f elementor-widget elementor-widget-text-editor\" data-id=\"2a2466f\" data-element_type=\"widget\" data-e-type=\"widget\" data-widget_type=\"text-editor.default\">\n\t\t\t\t<div class=\"elementor-widget-container\">\n\t\t\t\t\t\t\t\t\t<p><strong>VENTAJAS DEL RIEGO SOLAR:<\/strong><\/p><p><strong>Ahorro energ\u00e9tico y de emisiones del 100%<\/strong>: en cuanto nuestro sistema de bombeo solar entra en funcionamiento nuestro gasto en energ\u00eda es cero.<\/p><p><strong>Ahorro en mantenimiento<\/strong>: a diferencia de los generadores el\u00e9ctricos de combustible, este se trata de un sistema muy fiable con un bajo coste en mantenimiento.<\/p><p><strong>Alta eficiencia<\/strong>: estamos ante instalaciones de bombeo solar de \u00faltima tecnolog\u00eda en las que la eficiencia del sistema juega un papel fundamental y est\u00e1 totalmente implementado.<\/p><p><strong>Monitorizaci\u00f3n y automatizaci\u00f3n<\/strong>: podremos monitorizar nuestra\u00a0instalaci\u00f3n de placas solares\u00a0para bombeo solar y controlar m\u00faltiples aspectos de la misma a trav\u00e9s de aplicaciones online.<\/p>\t\t\t\t\t\t\t\t<\/div>\n\t\t\t\t<\/div>\n\t\t\t\t\t<\/div>\n\t\t<\/div>\n\t\t\t\t\t<\/div>\n\t\t<\/section>\n\t\t\t\t<section class=\"elementor-section elementor-inner-section elementor-element elementor-element-e483a6b elementor-section-boxed elementor-section-height-default elementor-section-height-default\" data-id=\"e483a6b\" data-element_type=\"section\" data-e-type=\"section\">\n\t\t\t\t\t\t<div class=\"elementor-container elementor-column-gap-default\">\n\t\t\t\t\t<div class=\"elementor-column elementor-col-50 elementor-inner-column elementor-element elementor-element-363b3a9\" data-id=\"363b3a9\" data-element_type=\"column\" data-e-type=\"column\">\n\t\t\t<div class=\"elementor-widget-wrap elementor-element-populated\">\n\t\t\t\t\t\t<div class=\"elementor-element elementor-element-943fa13 elementor-widget elementor-widget-image\" data-id=\"943fa13\" data-element_type=\"widget\" data-e-type=\"widget\" data-widget_type=\"image.default\">\n\t\t\t\t<div class=\"elementor-widget-container\">\n\t\t\t\t\t\t\t\t\t\t\t\t\t\t\t<img fetchpriority=\"high\" decoding=\"async\" width=\"1024\" height=\"683\" src=\"https:\/\/agrozenit.es\/wp-content\/uploads\/2023\/03\/FOTO-50-SOLAR-2-1024x683.jpg\" class=\"attachment-large size-large wp-image-12289\" alt=\"\" srcset=\"https:\/\/agrozenit.es\/wp-content\/uploads\/2023\/03\/FOTO-50-SOLAR-2-1024x683.jpg 1024w, https:\/\/agrozenit.es\/wp-content\/uploads\/2023\/03\/FOTO-50-SOLAR-2-300x200.jpg 300w, https:\/\/agrozenit.es\/wp-content\/uploads\/2023\/03\/FOTO-50-SOLAR-2-768x512.jpg 768w, https:\/\/agrozenit.es\/wp-content\/uploads\/2023\/03\/FOTO-50-SOLAR-2-1536x1024.jpg 1536w, https:\/\/agrozenit.es\/wp-content\/uploads\/2023\/03\/FOTO-50-SOLAR-2.jpg 1920w\" sizes=\"(max-width: 1024px) 100vw, 1024px\" \/>\t\t\t\t\t\t\t\t\t\t\t\t\t\t\t<\/div>\n\t\t\t\t<\/div>\n\t\t\t\t\t<\/div>\n\t\t<\/div>\n\t\t\t\t<div class=\"elementor-column elementor-col-50 elementor-inner-column elementor-element elementor-element-49f9e5c\" data-id=\"49f9e5c\" data-element_type=\"column\" data-e-type=\"column\">\n\t\t\t<div class=\"elementor-widget-wrap elementor-element-populated\">\n\t\t\t\t\t\t<div class=\"elementor-element elementor-element-522ca32 elementor-widget elementor-widget-image\" data-id=\"522ca32\" data-element_type=\"widget\" data-e-type=\"widget\" data-widget_type=\"image.default\">\n\t\t\t\t<div class=\"elementor-widget-container\">\n\t\t\t\t\t\t\t\t\t\t\t\t\t\t\t<img decoding=\"async\" width=\"1024\" height=\"683\" src=\"https:\/\/agrozenit.es\/wp-content\/uploads\/2023\/03\/FOTO-51-FOTOVOLTAICO-1024x683.jpg\" class=\"attachment-large size-large wp-image-12290\" alt=\"\" srcset=\"https:\/\/agrozenit.es\/wp-content\/uploads\/2023\/03\/FOTO-51-FOTOVOLTAICO-1024x683.jpg 1024w, https:\/\/agrozenit.es\/wp-content\/uploads\/2023\/03\/FOTO-51-FOTOVOLTAICO-300x200.jpg 300w, https:\/\/agrozenit.es\/wp-content\/uploads\/2023\/03\/FOTO-51-FOTOVOLTAICO-768x512.jpg 768w, https:\/\/agrozenit.es\/wp-content\/uploads\/2023\/03\/FOTO-51-FOTOVOLTAICO-1536x1024.jpg 1536w, https:\/\/agrozenit.es\/wp-content\/uploads\/2023\/03\/FOTO-51-FOTOVOLTAICO.jpg 1920w\" sizes=\"(max-width: 1024px) 100vw, 1024px\" \/>\t\t\t\t\t\t\t\t\t\t\t\t\t\t\t<\/div>\n\t\t\t\t<\/div>\n\t\t\t\t\t<\/div>\n\t\t<\/div>\n\t\t\t\t\t<\/div>\n\t\t<\/section>\n\t\t\t\t\t<\/div>\n\t\t<\/div>\n\t\t\t\t\t<\/div>\n\t\t<\/section>\n\t\t\t\t<\/div>\n\t\t","protected":false},"excerpt":{"rendered":"<p>INSTALACIONES FOTOVOLTAICAS PARA RIEGO AGR\u00cdCOLA VENTAJAS DEL RIEGO SOLAR: Ahorro energ\u00e9tico y de emisiones del 100%: en cuanto nuestro sistema de bombeo solar entra en funcionamiento nuestro gasto en energ\u00eda es cero. Ahorro en mantenimiento: a diferencia de los generadores el\u00e9ctricos de combustible, este se trata de un sistema muy fiable con un bajo coste [&hellip;]<\/p>\n","protected":false},"author":2,"featured_media":0,"parent":0,"menu_order":0,"comment_status":"closed","ping_status":"closed","template":"","meta":{"om_disable_all_campaigns":false,"_monsterinsights_skip_tracking":false,"_monsterinsights_sitenote_active":false,"_monsterinsights_sitenote_note":"","_monsterinsights_sitenote_category":0,"footnotes":""},"class_list":["post-12287","page","type-page","status-publish","hentry"],"aioseo_notices":[],"_links":{"self":[{"href":"https:\/\/agrozenit.es\/index.php\/wp-json\/wp\/v2\/pages\/12287","targetHints":{"allow":["GET"]}}],"collection":[{"href":"https:\/\/agrozenit.es\/index.php\/wp-json\/wp\/v2\/pages"}],"about":[{"href":"https:\/\/agrozenit.es\/index.php\/wp-json\/wp\/v2\/types\/page"}],"author":[{"embeddable":true,"href":"https:\/\/agrozenit.es\/index.php\/wp-json\/wp\/v2\/users\/2"}],"replies":[{"embeddable":true,"href":"https:\/\/agrozenit.es\/index.php\/wp-json\/wp\/v2\/comments?post=12287"}],"version-history":[{"count":4,"href":"https:\/\/agrozenit.es\/index.php\/wp-json\/wp\/v2\/pages\/12287\/revisions"}],"predecessor-version":[{"id":12293,"href":"https:\/\/agrozenit.es\/index.php\/wp-json\/wp\/v2\/pages\/12287\/revisions\/12293"}],"wp:attachment":[{"href":"https:\/\/agrozenit.es\/index.php\/wp-json\/wp\/v2\/media?parent=12287"}],"curies":[{"name":"wp","href":"https:\/\/api.w.org\/{rel}","templated":true}]}}