{"id":12270,"date":"2023-03-30T18:27:05","date_gmt":"2023-03-30T16:27:05","guid":{"rendered":"https:\/\/agrozenit.es\/?page_id=12270"},"modified":"2023-03-31T01:46:54","modified_gmt":"2023-03-30T23:46:54","slug":"plan-de-abonado","status":"publish","type":"page","link":"https:\/\/agrozenit.es\/index.php\/plan-de-abonado\/","title":{"rendered":"Plan de abonado"},"content":{"rendered":"\t\t<div data-elementor-type=\"wp-page\" data-elementor-id=\"12270\" class=\"elementor elementor-12270\">\n\t\t\t\t\t\t<section class=\"elementor-section elementor-top-section elementor-element elementor-element-9acd4a1 elementor-section-boxed elementor-section-height-default elementor-section-height-default\" data-id=\"9acd4a1\" data-element_type=\"section\" data-e-type=\"section\">\n\t\t\t\t\t\t<div class=\"elementor-container elementor-column-gap-default\">\n\t\t\t\t\t<div class=\"elementor-column elementor-col-100 elementor-top-column elementor-element elementor-element-b3e9e05\" data-id=\"b3e9e05\" data-element_type=\"column\" data-e-type=\"column\">\n\t\t\t<div class=\"elementor-widget-wrap elementor-element-populated\">\n\t\t\t\t\t\t<div class=\"elementor-element elementor-element-15c616c elementor-widget elementor-widget-heading\" data-id=\"15c616c\" data-element_type=\"widget\" data-e-type=\"widget\" data-widget_type=\"heading.default\">\n\t\t\t\t<div class=\"elementor-widget-container\">\n\t\t\t\t\t<h1 class=\"elementor-heading-title elementor-size-large\">Plan de abonado<\/h1>\t\t\t\t<\/div>\n\t\t\t\t<\/div>\n\t\t\t\t\t<\/div>\n\t\t<\/div>\n\t\t\t\t\t<\/div>\n\t\t<\/section>\n\t\t\t\t<section class=\"elementor-section elementor-top-section elementor-element elementor-element-2c5bc4f elementor-section-boxed elementor-section-height-default elementor-section-height-default\" data-id=\"2c5bc4f\" data-element_type=\"section\" data-e-type=\"section\">\n\t\t\t\t\t\t<div class=\"elementor-container elementor-column-gap-default\">\n\t\t\t\t\t<div class=\"elementor-column elementor-col-100 elementor-top-column elementor-element elementor-element-e18c7fb\" data-id=\"e18c7fb\" data-element_type=\"column\" data-e-type=\"column\">\n\t\t\t<div class=\"elementor-widget-wrap elementor-element-populated\">\n\t\t\t\t\t\t<section class=\"elementor-section elementor-inner-section elementor-element elementor-element-f78501e elementor-section-boxed elementor-section-height-default elementor-section-height-default\" data-id=\"f78501e\" data-element_type=\"section\" data-e-type=\"section\">\n\t\t\t\t\t\t<div class=\"elementor-container elementor-column-gap-default\">\n\t\t\t\t\t<div class=\"elementor-column elementor-col-100 elementor-inner-column elementor-element elementor-element-a5a6203\" data-id=\"a5a6203\" data-element_type=\"column\" data-e-type=\"column\">\n\t\t\t<div class=\"elementor-widget-wrap elementor-element-populated\">\n\t\t\t\t\t\t<div class=\"elementor-element elementor-element-29026d8 elementor-widget elementor-widget-text-editor\" data-id=\"29026d8\" data-element_type=\"widget\" data-e-type=\"widget\" data-widget_type=\"text-editor.default\">\n\t\t\t\t<div class=\"elementor-widget-container\">\n\t\t\t\t\t\t\t\t\t<p>Cada agricultor deber\u00e1 tener un <strong>plan de abonado o fertilizaci\u00f3n<\/strong> y un cuaderno de explotaci\u00f3n de su finca, una medida incluida en el <strong>Real Decreto sobre nutrici\u00f3n sostenible en los\u00a0suelos agrarios<\/strong>\u00a0que acaba de ser aprobado y que entrar\u00e1 en vigor el <strong>1 de enero de 2024<\/strong><strong>. <\/strong><\/p>\t\t\t\t\t\t\t\t<\/div>\n\t\t\t\t<\/div>\n\t\t\t\t\t<\/div>\n\t\t<\/div>\n\t\t\t\t\t<\/div>\n\t\t<\/section>\n\t\t\t\t<div class=\"elementor-element elementor-element-6473528 elementor-widget elementor-widget-image\" data-id=\"6473528\" data-element_type=\"widget\" data-e-type=\"widget\" data-widget_type=\"image.default\">\n\t\t\t\t<div class=\"elementor-widget-container\">\n\t\t\t\t\t\t\t\t\t\t\t\t\t\t\t<img fetchpriority=\"high\" decoding=\"async\" width=\"1024\" height=\"683\" src=\"https:\/\/agrozenit.es\/wp-content\/uploads\/2023\/03\/FOTO-37-FERTILIZANTE-5-1024x683.jpg\" class=\"attachment-large size-large wp-image-12272\" alt=\"\" srcset=\"https:\/\/agrozenit.es\/wp-content\/uploads\/2023\/03\/FOTO-37-FERTILIZANTE-5-1024x683.jpg 1024w, https:\/\/agrozenit.es\/wp-content\/uploads\/2023\/03\/FOTO-37-FERTILIZANTE-5-300x200.jpg 300w, https:\/\/agrozenit.es\/wp-content\/uploads\/2023\/03\/FOTO-37-FERTILIZANTE-5-768x512.jpg 768w, https:\/\/agrozenit.es\/wp-content\/uploads\/2023\/03\/FOTO-37-FERTILIZANTE-5-1536x1024.jpg 1536w, https:\/\/agrozenit.es\/wp-content\/uploads\/2023\/03\/FOTO-37-FERTILIZANTE-5.jpg 1920w\" sizes=\"(max-width: 1024px) 100vw, 1024px\" \/>\t\t\t\t\t\t\t\t\t\t\t\t\t\t\t<\/div>\n\t\t\t\t<\/div>\n\t\t\t\t<section class=\"elementor-section elementor-inner-section elementor-element elementor-element-bc60771 elementor-section-boxed elementor-section-height-default elementor-section-height-default\" data-id=\"bc60771\" data-element_type=\"section\" data-e-type=\"section\">\n\t\t\t\t\t\t<div class=\"elementor-container elementor-column-gap-default\">\n\t\t\t\t\t<div class=\"elementor-column elementor-col-100 elementor-inner-column elementor-element elementor-element-e7d6dc3\" data-id=\"e7d6dc3\" data-element_type=\"column\" data-e-type=\"column\">\n\t\t\t<div class=\"elementor-widget-wrap elementor-element-populated\">\n\t\t\t\t\t\t<div class=\"elementor-element elementor-element-7ebad9f elementor-widget elementor-widget-text-editor\" data-id=\"7ebad9f\" data-element_type=\"widget\" data-e-type=\"widget\" data-widget_type=\"text-editor.default\">\n\t\t\t\t<div class=\"elementor-widget-container\">\n\t\t\t\t\t\t\t\t\t<p>En el Cuaderno de Explotaci\u00f3n ser\u00e1 necesario reflejar la\u00a0<strong>fertilizaci\u00f3n que hagamos en nuestra explotaci\u00f3n agr\u00edcola<\/strong>. Y adem\u00e1s se deber\u00e1n precisar no solo el N P K sino tambi\u00e9n otros macronutrientes como Calcio, Magnesio o Azufre entre otros, tambi\u00e9n micronutrientes (Boro, Cobalto, Cobre\u2026) y metales pesados (Cadmio, N\u00edquel, Zinc\u2026).<\/p><p>En el\u00a0<strong>dise\u00f1o de un plan de abonado<\/strong>\u00a0es fundamental que se optimice la aportaci\u00f3n de nutrientes y se corrijan las deficiencias y los excesos de algunos elementos, que de forma natural ya se encuentren en el medio de cultivo, sea un sustrato o terreno natural.<\/p>\t\t\t\t\t\t\t\t<\/div>\n\t\t\t\t<\/div>\n\t\t\t\t<div class=\"elementor-element elementor-element-6fded34 elementor-widget elementor-widget-image\" data-id=\"6fded34\" data-element_type=\"widget\" data-e-type=\"widget\" data-widget_type=\"image.default\">\n\t\t\t\t<div class=\"elementor-widget-container\">\n\t\t\t\t\t\t\t\t\t\t\t\t\t\t\t<img decoding=\"async\" width=\"1024\" height=\"683\" src=\"https:\/\/agrozenit.es\/wp-content\/uploads\/2023\/03\/FOTO-38-FERTILIZANTE-4-1024x683.jpg\" class=\"attachment-large size-large wp-image-12273\" alt=\"\" srcset=\"https:\/\/agrozenit.es\/wp-content\/uploads\/2023\/03\/FOTO-38-FERTILIZANTE-4-1024x683.jpg 1024w, https:\/\/agrozenit.es\/wp-content\/uploads\/2023\/03\/FOTO-38-FERTILIZANTE-4-300x200.jpg 300w, https:\/\/agrozenit.es\/wp-content\/uploads\/2023\/03\/FOTO-38-FERTILIZANTE-4-768x512.jpg 768w, https:\/\/agrozenit.es\/wp-content\/uploads\/2023\/03\/FOTO-38-FERTILIZANTE-4-1536x1024.jpg 1536w, https:\/\/agrozenit.es\/wp-content\/uploads\/2023\/03\/FOTO-38-FERTILIZANTE-4.jpg 1920w\" sizes=\"(max-width: 1024px) 100vw, 1024px\" \/>\t\t\t\t\t\t\t\t\t\t\t\t\t\t\t<\/div>\n\t\t\t\t<\/div>\n\t\t\t\t\t<\/div>\n\t\t<\/div>\n\t\t\t\t\t<\/div>\n\t\t<\/section>\n\t\t\t\t<section class=\"elementor-section elementor-inner-section elementor-element elementor-element-f84603a elementor-section-boxed elementor-section-height-default elementor-section-height-default\" data-id=\"f84603a\" data-element_type=\"section\" data-e-type=\"section\">\n\t\t\t\t\t\t<div class=\"elementor-container elementor-column-gap-default\">\n\t\t\t\t\t<div class=\"elementor-column elementor-col-100 elementor-inner-column elementor-element elementor-element-9db5cd3\" data-id=\"9db5cd3\" data-element_type=\"column\" data-e-type=\"column\">\n\t\t\t<div class=\"elementor-widget-wrap elementor-element-populated\">\n\t\t\t\t\t\t<div class=\"elementor-element elementor-element-56ea28b elementor-widget elementor-widget-text-editor\" data-id=\"56ea28b\" data-element_type=\"widget\" data-e-type=\"widget\" data-widget_type=\"text-editor.default\">\n\t\t\t\t<div class=\"elementor-widget-container\">\n\t\t\t\t\t\t\t\t\t<p>Todo orientado para <strong>conseguir<\/strong> <strong>una m\u00e1xima rentabilidad<\/strong> en nuestras explotaciones agr\u00edcolas.<\/p><p>Para ello partiremos de varios\u00a0<strong>conceptos fundamentales<\/strong>: La disponibilidad y propiedades f\u00edsico-qu\u00edmicas del terreno y del agua de riego, el estado nutritivo de la plantaci\u00f3n, su estado fenol\u00f3gico y exigencias agron\u00f3micas esperadas.<\/p><p>La finalidad es prever un marco de acci\u00f3n que permita mantener o aumentar la\u00a0<strong>productividad de los suelos agrarios<\/strong>, a la vez que se\u00a0<strong>disminuye el impacto ambiental<\/strong>\u00a0de la aplicaci\u00f3n en dichos suelos de\u00a0<strong>productos fertilizantes<\/strong>\u00a0y otras fuentes de nutrientes o materia org\u00e1nica.<\/p>\t\t\t\t\t\t\t\t<\/div>\n\t\t\t\t<\/div>\n\t\t\t\t\t<\/div>\n\t\t<\/div>\n\t\t\t\t\t<\/div>\n\t\t<\/section>\n\t\t\t\t<div class=\"elementor-element elementor-element-35366a2 elementor-widget elementor-widget-image\" data-id=\"35366a2\" data-element_type=\"widget\" data-e-type=\"widget\" data-widget_type=\"image.default\">\n\t\t\t\t<div class=\"elementor-widget-container\">\n\t\t\t\t\t\t\t\t\t\t\t\t\t\t\t<img decoding=\"async\" width=\"1024\" height=\"575\" src=\"https:\/\/agrozenit.es\/wp-content\/uploads\/2023\/03\/FOTO-39-FERTILIZANTE-1-1024x575.jpg\" class=\"attachment-large size-large wp-image-12282\" alt=\"\" srcset=\"https:\/\/agrozenit.es\/wp-content\/uploads\/2023\/03\/FOTO-39-FERTILIZANTE-1-1024x575.jpg 1024w, https:\/\/agrozenit.es\/wp-content\/uploads\/2023\/03\/FOTO-39-FERTILIZANTE-1-300x169.jpg 300w, https:\/\/agrozenit.es\/wp-content\/uploads\/2023\/03\/FOTO-39-FERTILIZANTE-1-768x432.jpg 768w, https:\/\/agrozenit.es\/wp-content\/uploads\/2023\/03\/FOTO-39-FERTILIZANTE-1-1536x863.jpg 1536w, https:\/\/agrozenit.es\/wp-content\/uploads\/2023\/03\/FOTO-39-FERTILIZANTE-1.jpg 1920w\" sizes=\"(max-width: 1024px) 100vw, 1024px\" \/>\t\t\t\t\t\t\t\t\t\t\t\t\t\t\t<\/div>\n\t\t\t\t<\/div>\n\t\t\t\t<section class=\"elementor-section elementor-inner-section elementor-element elementor-element-ad04265 elementor-section-boxed elementor-section-height-default elementor-section-height-default\" data-id=\"ad04265\" data-element_type=\"section\" data-e-type=\"section\">\n\t\t\t\t\t\t<div class=\"elementor-container elementor-column-gap-default\">\n\t\t\t\t\t<div class=\"elementor-column elementor-col-100 elementor-inner-column elementor-element elementor-element-97fc7be\" data-id=\"97fc7be\" data-element_type=\"column\" data-e-type=\"column\">\n\t\t\t<div class=\"elementor-widget-wrap elementor-element-populated\">\n\t\t\t\t\t\t<div class=\"elementor-element elementor-element-70c9a76 elementor-widget elementor-widget-text-editor\" data-id=\"70c9a76\" data-element_type=\"widget\" data-e-type=\"widget\" data-widget_type=\"text-editor.default\">\n\t\t\t\t<div class=\"elementor-widget-container\">\n\t\t\t\t\t\t\t\t\t<p>En particular, se pretende conseguir de forma especial, aunque no exclusivamente, los siguientes objetivos:<\/p><ul><li>La gesti\u00f3n sostenible de la nutrici\u00f3n de los cultivos.<\/li><li>El mantenimiento o incremento, en su caso, de la materia org\u00e1nica de los suelos agrarios.<\/li><li>La reducci\u00f3n de emisiones de gases de efecto invernadero y lucha contra el cambio clim\u00e1tico.<\/li><li>La reducci\u00f3n de emisiones de otros gases contaminantes, en especial el amoniaco.<\/li><li>Evitar la contaminaci\u00f3n de las aguas, tanto superficiales como subterr\u00e1neas.<\/li><li>Preservar y mejorar las propiedades biol\u00f3gicas de los suelos agrarios, potenciando su manejo como \u201csuelos vivos\u201d.<\/li><li>Evitar la acumulaci\u00f3n de metales pesados y otros contaminantes en los suelos agrarios.<\/li><\/ul><p>Preservar la biodiversidad ligada a los suelos agrarios.<\/p>\t\t\t\t\t\t\t\t<\/div>\n\t\t\t\t<\/div>\n\t\t\t\t\t<\/div>\n\t\t<\/div>\n\t\t\t\t\t<\/div>\n\t\t<\/section>\n\t\t\t\t<div class=\"elementor-element elementor-element-91f28db elementor-widget elementor-widget-image\" data-id=\"91f28db\" data-element_type=\"widget\" data-e-type=\"widget\" data-widget_type=\"image.default\">\n\t\t\t\t<div class=\"elementor-widget-container\">\n\t\t\t\t\t\t\t\t\t\t\t\t\t\t\t<img loading=\"lazy\" decoding=\"async\" width=\"1024\" height=\"683\" src=\"https:\/\/agrozenit.es\/wp-content\/uploads\/2023\/03\/FOTO-40-AGRICULTOR-VERDURAS-1024x683.jpg\" class=\"attachment-large size-large wp-image-12283\" alt=\"\" srcset=\"https:\/\/agrozenit.es\/wp-content\/uploads\/2023\/03\/FOTO-40-AGRICULTOR-VERDURAS-1024x683.jpg 1024w, https:\/\/agrozenit.es\/wp-content\/uploads\/2023\/03\/FOTO-40-AGRICULTOR-VERDURAS-300x200.jpg 300w, https:\/\/agrozenit.es\/wp-content\/uploads\/2023\/03\/FOTO-40-AGRICULTOR-VERDURAS-768x512.jpg 768w, https:\/\/agrozenit.es\/wp-content\/uploads\/2023\/03\/FOTO-40-AGRICULTOR-VERDURAS-1536x1024.jpg 1536w, https:\/\/agrozenit.es\/wp-content\/uploads\/2023\/03\/FOTO-40-AGRICULTOR-VERDURAS.jpg 1920w\" sizes=\"(max-width: 1024px) 100vw, 1024px\" \/>\t\t\t\t\t\t\t\t\t\t\t\t\t\t\t<\/div>\n\t\t\t\t<\/div>\n\t\t\t\t\t<\/div>\n\t\t<\/div>\n\t\t\t\t\t<\/div>\n\t\t<\/section>\n\t\t\t\t<\/div>\n\t\t","protected":false},"excerpt":{"rendered":"<p>Plan de abonado Cada agricultor deber\u00e1 tener un plan de abonado o fertilizaci\u00f3n y un cuaderno de explotaci\u00f3n de su finca, una medida incluida en el Real Decreto sobre nutrici\u00f3n sostenible en los\u00a0suelos agrarios\u00a0que acaba de ser aprobado y que entrar\u00e1 en vigor el 1 de enero de 2024. En el Cuaderno de Explotaci\u00f3n ser\u00e1 [&hellip;]<\/p>\n","protected":false},"author":2,"featured_media":0,"parent":0,"menu_order":0,"comment_status":"closed","ping_status":"closed","template":"","meta":{"om_disable_all_campaigns":false,"_monsterinsights_skip_tracking":false,"_monsterinsights_sitenote_active":false,"_monsterinsights_sitenote_note":"","_monsterinsights_sitenote_category":0,"footnotes":""},"class_list":["post-12270","page","type-page","status-publish","hentry"],"aioseo_notices":[],"_links":{"self":[{"href":"https:\/\/agrozenit.es\/index.php\/wp-json\/wp\/v2\/pages\/12270","targetHints":{"allow":["GET"]}}],"collection":[{"href":"https:\/\/agrozenit.es\/index.php\/wp-json\/wp\/v2\/pages"}],"about":[{"href":"https:\/\/agrozenit.es\/index.php\/wp-json\/wp\/v2\/types\/page"}],"author":[{"embeddable":true,"href":"https:\/\/agrozenit.es\/index.php\/wp-json\/wp\/v2\/users\/2"}],"replies":[{"embeddable":true,"href":"https:\/\/agrozenit.es\/index.php\/wp-json\/wp\/v2\/comments?post=12270"}],"version-history":[{"count":10,"href":"https:\/\/agrozenit.es\/index.php\/wp-json\/wp\/v2\/pages\/12270\/revisions"}],"predecessor-version":[{"id":12286,"href":"https:\/\/agrozenit.es\/index.php\/wp-json\/wp\/v2\/pages\/12270\/revisions\/12286"}],"wp:attachment":[{"href":"https:\/\/agrozenit.es\/index.php\/wp-json\/wp\/v2\/media?parent=12270"}],"curies":[{"name":"wp","href":"https:\/\/api.w.org\/{rel}","templated":true}]}}