{"id":12257,"date":"2023-03-30T18:13:09","date_gmt":"2023-03-30T16:13:09","guid":{"rendered":"https:\/\/agrozenit.es\/?page_id=12257"},"modified":"2023-03-30T18:23:28","modified_gmt":"2023-03-30T16:23:28","slug":"cuaderno-de-campo","status":"publish","type":"page","link":"https:\/\/agrozenit.es\/index.php\/cuaderno-de-campo\/","title":{"rendered":"Cuaderno de campo"},"content":{"rendered":"\t\t<div data-elementor-type=\"wp-page\" data-elementor-id=\"12257\" class=\"elementor elementor-12257\">\n\t\t\t\t\t\t<section class=\"elementor-section elementor-top-section elementor-element elementor-element-58258c4 elementor-section-boxed elementor-section-height-default elementor-section-height-default\" data-id=\"58258c4\" data-element_type=\"section\" data-e-type=\"section\">\n\t\t\t\t\t\t<div class=\"elementor-container elementor-column-gap-default\">\n\t\t\t\t\t<div class=\"elementor-column elementor-col-100 elementor-top-column elementor-element elementor-element-d799714\" data-id=\"d799714\" data-element_type=\"column\" data-e-type=\"column\">\n\t\t\t<div class=\"elementor-widget-wrap elementor-element-populated\">\n\t\t\t\t\t\t<div class=\"elementor-element elementor-element-fc6d740 elementor-widget elementor-widget-heading\" data-id=\"fc6d740\" data-element_type=\"widget\" data-e-type=\"widget\" data-widget_type=\"heading.default\">\n\t\t\t\t<div class=\"elementor-widget-container\">\n\t\t\t\t\t<h1 class=\"elementor-heading-title elementor-size-large\">CUADERNO DE CAMPO\/EXPLOTACI\u00d3N AGR\u00cdCOLA <\/h1>\t\t\t\t<\/div>\n\t\t\t\t<\/div>\n\t\t\t\t\t<\/div>\n\t\t<\/div>\n\t\t\t\t\t<\/div>\n\t\t<\/section>\n\t\t\t\t<section class=\"elementor-section elementor-top-section elementor-element elementor-element-61bd808 elementor-section-boxed elementor-section-height-default elementor-section-height-default\" data-id=\"61bd808\" data-element_type=\"section\" data-e-type=\"section\">\n\t\t\t\t\t\t<div class=\"elementor-container elementor-column-gap-default\">\n\t\t\t\t\t<div class=\"elementor-column elementor-col-100 elementor-top-column elementor-element elementor-element-bf79ec4\" data-id=\"bf79ec4\" data-element_type=\"column\" data-e-type=\"column\">\n\t\t\t<div class=\"elementor-widget-wrap elementor-element-populated\">\n\t\t\t\t\t\t<section class=\"elementor-section elementor-inner-section elementor-element elementor-element-3d26f2a elementor-section-boxed elementor-section-height-default elementor-section-height-default\" data-id=\"3d26f2a\" data-element_type=\"section\" data-e-type=\"section\">\n\t\t\t\t\t\t<div class=\"elementor-container elementor-column-gap-default\">\n\t\t\t\t\t<div class=\"elementor-column elementor-col-100 elementor-inner-column elementor-element elementor-element-68b519b\" data-id=\"68b519b\" data-element_type=\"column\" data-e-type=\"column\">\n\t\t\t<div class=\"elementor-widget-wrap elementor-element-populated\">\n\t\t\t\t\t\t<div class=\"elementor-element elementor-element-65c4f99 elementor-widget elementor-widget-text-editor\" data-id=\"65c4f99\" data-element_type=\"widget\" data-e-type=\"widget\" data-widget_type=\"text-editor.default\">\n\t\t\t\t<div class=\"elementor-widget-container\">\n\t\t\t\t\t\t\t\t\t<h6><strong>\u00bfQu\u00e9 es un cuaderno de explotaci\u00f3n agr\u00edcola y para qu\u00e9 sirve?<\/strong><\/h6><p>El\u00a0<strong>Cuaderno de Explotaci\u00f3n Telem\u00e1tico CUE<\/strong>\u00a0es una herramienta online, integrada en el\u00a0Sistema de Explotaciones Agrarias (SIEX) que permite y facilita a los agricultores,\u00a0 ganaderos y a los t\u00e9cnicos asesores por ellos autorizados, a cumplimentar de una forma sencilla e intuitiva y seg\u00fan las caracter\u00edsticas de la explotaci\u00f3n, los datos obligatorios (como los tratamientos fitosanitarios) y no obligatorios, con objeto de cumplir la Gesti\u00f3n Integrada de Plagas GIP, condicionalidad,\u00a0 fertilizaci\u00f3n, ventas de producto, riegos, etc.<\/p>\t\t\t\t\t\t\t\t<\/div>\n\t\t\t\t<\/div>\n\t\t\t\t\t<\/div>\n\t\t<\/div>\n\t\t\t\t\t<\/div>\n\t\t<\/section>\n\t\t\t\t<div class=\"elementor-element elementor-element-1e1a263 elementor-widget elementor-widget-image\" data-id=\"1e1a263\" data-element_type=\"widget\" data-e-type=\"widget\" data-widget_type=\"image.default\">\n\t\t\t\t<div class=\"elementor-widget-container\">\n\t\t\t\t\t\t\t\t\t\t\t\t\t\t\t<img fetchpriority=\"high\" decoding=\"async\" width=\"1024\" height=\"721\" src=\"https:\/\/agrozenit.es\/wp-content\/uploads\/2023\/03\/FOTO-33-DIGITALIZACION-1024x721.jpg\" class=\"attachment-large size-large wp-image-12260\" alt=\"\" srcset=\"https:\/\/agrozenit.es\/wp-content\/uploads\/2023\/03\/FOTO-33-DIGITALIZACION-1024x721.jpg 1024w, https:\/\/agrozenit.es\/wp-content\/uploads\/2023\/03\/FOTO-33-DIGITALIZACION-300x211.jpg 300w, https:\/\/agrozenit.es\/wp-content\/uploads\/2023\/03\/FOTO-33-DIGITALIZACION-768x541.jpg 768w, https:\/\/agrozenit.es\/wp-content\/uploads\/2023\/03\/FOTO-33-DIGITALIZACION-1536x1082.jpg 1536w, https:\/\/agrozenit.es\/wp-content\/uploads\/2023\/03\/FOTO-33-DIGITALIZACION.jpg 1920w\" sizes=\"(max-width: 1024px) 100vw, 1024px\" \/>\t\t\t\t\t\t\t\t\t\t\t\t\t\t\t<\/div>\n\t\t\t\t<\/div>\n\t\t\t\t<section class=\"elementor-section elementor-inner-section elementor-element elementor-element-078a9be elementor-section-boxed elementor-section-height-default elementor-section-height-default\" data-id=\"078a9be\" data-element_type=\"section\" data-e-type=\"section\">\n\t\t\t\t\t\t<div class=\"elementor-container elementor-column-gap-default\">\n\t\t\t\t\t<div class=\"elementor-column elementor-col-100 elementor-inner-column elementor-element elementor-element-0a8ae11\" data-id=\"0a8ae11\" data-element_type=\"column\" data-e-type=\"column\">\n\t\t\t<div class=\"elementor-widget-wrap elementor-element-populated\">\n\t\t\t\t\t\t<div class=\"elementor-element elementor-element-284626a elementor-widget elementor-widget-text-editor\" data-id=\"284626a\" data-element_type=\"widget\" data-e-type=\"widget\" data-widget_type=\"text-editor.default\">\n\t\t\t\t<div class=\"elementor-widget-container\">\n\t\t\t\t\t\t\t\t\t<h6><strong>Caracter\u00edsticas del CUE<\/strong><\/h6><ul><li><strong>Incorpora autom\u00e1ticamente toda la informaci\u00f3n existente en el REA\u00a0<\/strong>(superficies, cultivos, ayudas, maquinaria, zonas vulnerables\u2026), lo que facilita su cumplimentaci\u00f3n.<\/li><li>Es un\u00a0<strong>cuaderno \u00fanico<\/strong>que sirve tanto para cumplir con la GIP-gesti\u00f3n integrada de plagas como los requisitos de las marcas de calidad, Producci\u00f3n Integrada, Agricultura Ecol\u00f3gica, condicionalidad, agroambientales\u2026<\/li><li><strong>Pueden acceder tanto el agricultor como su t\u00e9cnico asesor\u00a0<\/strong>si \u00e9ste lo autoriza.<\/li><\/ul>\t\t\t\t\t\t\t\t<\/div>\n\t\t\t\t<\/div>\n\t\t\t\t\t<\/div>\n\t\t<\/div>\n\t\t\t\t\t<\/div>\n\t\t<\/section>\n\t\t\t\t<div class=\"elementor-element elementor-element-fe0b1d4 elementor-widget elementor-widget-image\" data-id=\"fe0b1d4\" data-element_type=\"widget\" data-e-type=\"widget\" data-widget_type=\"image.default\">\n\t\t\t\t<div class=\"elementor-widget-container\">\n\t\t\t\t\t\t\t\t\t\t\t\t\t\t\t<img decoding=\"async\" width=\"1024\" height=\"683\" src=\"https:\/\/agrozenit.es\/wp-content\/uploads\/2023\/03\/FOTO-34-VINEDO-3-1024x683.jpg\" class=\"attachment-large size-large wp-image-12261\" alt=\"\" srcset=\"https:\/\/agrozenit.es\/wp-content\/uploads\/2023\/03\/FOTO-34-VINEDO-3-1024x683.jpg 1024w, https:\/\/agrozenit.es\/wp-content\/uploads\/2023\/03\/FOTO-34-VINEDO-3-300x200.jpg 300w, https:\/\/agrozenit.es\/wp-content\/uploads\/2023\/03\/FOTO-34-VINEDO-3-768x512.jpg 768w, https:\/\/agrozenit.es\/wp-content\/uploads\/2023\/03\/FOTO-34-VINEDO-3-1536x1024.jpg 1536w, https:\/\/agrozenit.es\/wp-content\/uploads\/2023\/03\/FOTO-34-VINEDO-3.jpg 1920w\" sizes=\"(max-width: 1024px) 100vw, 1024px\" \/>\t\t\t\t\t\t\t\t\t\t\t\t\t\t\t<\/div>\n\t\t\t\t<\/div>\n\t\t\t\t<section class=\"elementor-section elementor-inner-section elementor-element elementor-element-4863c0e elementor-section-boxed elementor-section-height-default elementor-section-height-default\" data-id=\"4863c0e\" data-element_type=\"section\" data-e-type=\"section\">\n\t\t\t\t\t\t<div class=\"elementor-container elementor-column-gap-default\">\n\t\t\t\t\t<div class=\"elementor-column elementor-col-100 elementor-inner-column elementor-element elementor-element-2a62d9d\" data-id=\"2a62d9d\" data-element_type=\"column\" data-e-type=\"column\">\n\t\t\t<div class=\"elementor-widget-wrap elementor-element-populated\">\n\t\t\t\t\t\t<div class=\"elementor-element elementor-element-24b889c elementor-widget elementor-widget-text-editor\" data-id=\"24b889c\" data-element_type=\"widget\" data-e-type=\"widget\" data-widget_type=\"text-editor.default\">\n\t\t\t\t<div class=\"elementor-widget-container\">\n\t\t\t\t\t\t\t\t\t<p>Adem\u00e1s de la forma de introducir datos (web \u00f3 m\u00f3vil), el cuaderno digital de explotaci\u00f3n tiene algunas peculiaridades como son:<\/p><ul><li>Los tratamientos\u00a0<strong>fitosanitarios no se podr\u00e1n reflejar pasados 30 d\u00edas desde su aplicaci\u00f3n<\/strong>.<\/li><li>Tener actualizado el cuaderno ser\u00e1 necesario para solicitar cualquier ayuda, indemnizaci\u00f3n o subvenci\u00f3n (incluidas las\u00a0<strong>PAC 2023-2027<\/strong>) e incluso para contratar una p\u00f3liza de seguro agrario.<\/li><li>Ser\u00e1 obligatorio reflejar las\u00a0<strong>fertilizaciones<\/strong>. Hasta ahora s\u00f3lo en las zonas vulnerables era obligatorio. Y de hecho se precisa que \u00abAdicionalmente, se cumplimentar\u00e1 informaci\u00f3n sobre la aplicaci\u00f3n, con la cantidad de fertilizante, el tipo de fertilizaci\u00f3n. Se identificar\u00e1 adem\u00e1s el n\u00famero de albar\u00e1n\/factura, y se adjuntar\u00e1 el\u00a0<strong>plan de abonado<\/strong>.<\/li><li>Con independencia de la Comunidad Aut\u00f3noma o soluci\u00f3n privada, toda la informaci\u00f3n estar\u00e1 centralizada, por lo que se espera una\u00a0<strong>homogeneizaci\u00f3n de la informaci\u00f3n<\/strong>\u00a0a nivel nacional; eliminando peque\u00f1as diferencias en las exigencias de informaci\u00f3n de una regi\u00f3n a otra.<\/li><li>Al estar online y\u00a0<strong>conectado con todas las bases de datos de las CCAA y del propio MAPAMA<\/strong>, el cuaderno de campo digital podr\u00e1 conectar con informaci\u00f3n necesaria para su cumplimentaci\u00f3n: listado ROMA con maquinaria de la explotaci\u00f3n, datos generales de la explotaci\u00f3n en el SIEX, listado de titulares\/asesores\/usuarios\/entidades ROPO, registro de fitosanitarios (ASPAFITOS), registro de fertilizantes REGFER, registro de transacciones RETO, con pr\u00e1cticamente todas las bases datos de asociaciones de productores de agroalimentarios, etc. Y presumiblemente con el sistema de reciclaje de envases agrarios SIGFITO.<\/li><li>Al almacenar los datos de forma digital y centralizada, el titular\u00a0<strong>no tendr\u00e1 que guardar f\u00edsicamente los cuadernos de campo de los \u00faltimos 3 a\u00f1os<\/strong> tal y como se ven\u00eda haciendo hasta ahora.<\/li><\/ul>\t\t\t\t\t\t\t\t<\/div>\n\t\t\t\t<\/div>\n\t\t\t\t\t<\/div>\n\t\t<\/div>\n\t\t\t\t\t<\/div>\n\t\t<\/section>\n\t\t\t\t<div class=\"elementor-element elementor-element-20f3f17 elementor-widget elementor-widget-image\" data-id=\"20f3f17\" data-element_type=\"widget\" data-e-type=\"widget\" data-widget_type=\"image.default\">\n\t\t\t\t<div class=\"elementor-widget-container\">\n\t\t\t\t\t\t\t\t\t\t\t\t\t\t\t<img decoding=\"async\" width=\"1024\" height=\"683\" src=\"https:\/\/agrozenit.es\/wp-content\/uploads\/2023\/03\/FOTO-35-CAMPO-AGRICOLA-1024x683.jpg\" class=\"attachment-large size-large wp-image-12262\" alt=\"\" srcset=\"https:\/\/agrozenit.es\/wp-content\/uploads\/2023\/03\/FOTO-35-CAMPO-AGRICOLA-1024x683.jpg 1024w, https:\/\/agrozenit.es\/wp-content\/uploads\/2023\/03\/FOTO-35-CAMPO-AGRICOLA-300x200.jpg 300w, https:\/\/agrozenit.es\/wp-content\/uploads\/2023\/03\/FOTO-35-CAMPO-AGRICOLA-768x512.jpg 768w, https:\/\/agrozenit.es\/wp-content\/uploads\/2023\/03\/FOTO-35-CAMPO-AGRICOLA-1536x1024.jpg 1536w, https:\/\/agrozenit.es\/wp-content\/uploads\/2023\/03\/FOTO-35-CAMPO-AGRICOLA.jpg 1920w\" sizes=\"(max-width: 1024px) 100vw, 1024px\" \/>\t\t\t\t\t\t\t\t\t\t\t\t\t\t\t<\/div>\n\t\t\t\t<\/div>\n\t\t\t\t<section class=\"elementor-section elementor-inner-section elementor-element elementor-element-be6060a elementor-section-boxed elementor-section-height-default elementor-section-height-default\" data-id=\"be6060a\" data-element_type=\"section\" data-e-type=\"section\">\n\t\t\t\t\t\t<div class=\"elementor-container elementor-column-gap-default\">\n\t\t\t\t\t<div class=\"elementor-column elementor-col-100 elementor-inner-column elementor-element elementor-element-da52add\" data-id=\"da52add\" data-element_type=\"column\" data-e-type=\"column\">\n\t\t\t<div class=\"elementor-widget-wrap elementor-element-populated\">\n\t\t\t\t\t\t<div class=\"elementor-element elementor-element-3dab872 elementor-widget elementor-widget-text-editor\" data-id=\"3dab872\" data-element_type=\"widget\" data-e-type=\"widget\" data-widget_type=\"text-editor.default\">\n\t\t\t\t<div class=\"elementor-widget-container\">\n\t\t\t\t\t\t\t\t\t<h6><strong>DOCUMENTACI\u00d3N A CONSERVAR JUNTO CON EL CUADERNO DE EXPLOTACI\u00d3N<\/strong><\/h6><p>Se conservar\u00e1n junto al cuaderno de explotaci\u00f3n los siguientes documentos:<\/p><ul><li>Facturas u otros documentos que justifiquen la adquisici\u00f3n de los productos fitosanitarios utilizados.<\/li><li>Contratos con las empresas o personas f\u00edsicas que hayan realizado los tratamientos fitosanitarios.<\/li><li>Certificados de inspecci\u00f3n de los equipos de aplicaci\u00f3n de producto fitosanitario.<\/li><li>Justificantes de entrega de los envases vac\u00edos de los productos fitosanitarios en el correspondiente punto de recogida.<\/li><li>Boletines de an\u00e1lisis de residuos de productos fitosanitarios realizados sobre sus cultivos y producciones, y en su caso, agua de riego<\/li><li>Documentaci\u00f3n relativa al asesoramiento recibido.<\/li><li>Albaranes de entrega o facturas de venta de la cosecha.<\/li><li>An\u00e1lisis de suelos y hojas, en el caso de que se hayan realizado.<\/li><\/ul>\t\t\t\t\t\t\t\t<\/div>\n\t\t\t\t<\/div>\n\t\t\t\t\t<\/div>\n\t\t<\/div>\n\t\t\t\t\t<\/div>\n\t\t<\/section>\n\t\t\t\t<div class=\"elementor-element elementor-element-236d5e4 elementor-widget elementor-widget-image\" data-id=\"236d5e4\" data-element_type=\"widget\" data-e-type=\"widget\" data-widget_type=\"image.default\">\n\t\t\t\t<div class=\"elementor-widget-container\">\n\t\t\t\t\t\t\t\t\t\t\t\t\t\t\t<img loading=\"lazy\" decoding=\"async\" width=\"1024\" height=\"683\" src=\"https:\/\/agrozenit.es\/wp-content\/uploads\/2023\/03\/FOTO-36-DIGITALIZACION-2-1024x683.jpg\" class=\"attachment-large size-large wp-image-12266\" alt=\"\" srcset=\"https:\/\/agrozenit.es\/wp-content\/uploads\/2023\/03\/FOTO-36-DIGITALIZACION-2-1024x683.jpg 1024w, https:\/\/agrozenit.es\/wp-content\/uploads\/2023\/03\/FOTO-36-DIGITALIZACION-2-300x200.jpg 300w, https:\/\/agrozenit.es\/wp-content\/uploads\/2023\/03\/FOTO-36-DIGITALIZACION-2-768x512.jpg 768w, https:\/\/agrozenit.es\/wp-content\/uploads\/2023\/03\/FOTO-36-DIGITALIZACION-2-1536x1024.jpg 1536w, https:\/\/agrozenit.es\/wp-content\/uploads\/2023\/03\/FOTO-36-DIGITALIZACION-2.jpg 1920w\" sizes=\"(max-width: 1024px) 100vw, 1024px\" \/>\t\t\t\t\t\t\t\t\t\t\t\t\t\t\t<\/div>\n\t\t\t\t<\/div>\n\t\t\t\t\t<\/div>\n\t\t<\/div>\n\t\t\t\t\t<\/div>\n\t\t<\/section>\n\t\t\t\t<\/div>\n\t\t","protected":false},"excerpt":{"rendered":"<p>CUADERNO DE CAMPO\/EXPLOTACI\u00d3N AGR\u00cdCOLA \u00bfQu\u00e9 es un cuaderno de explotaci\u00f3n agr\u00edcola y para qu\u00e9 sirve? El\u00a0Cuaderno de Explotaci\u00f3n Telem\u00e1tico CUE\u00a0es una herramienta online, integrada en el\u00a0Sistema de Explotaciones Agrarias (SIEX) que permite y facilita a los agricultores,\u00a0 ganaderos y a los t\u00e9cnicos asesores por ellos autorizados, a cumplimentar de una forma sencilla e intuitiva y [&hellip;]<\/p>\n","protected":false},"author":2,"featured_media":0,"parent":0,"menu_order":0,"comment_status":"closed","ping_status":"closed","template":"","meta":{"om_disable_all_campaigns":false,"_monsterinsights_skip_tracking":false,"_monsterinsights_sitenote_active":false,"_monsterinsights_sitenote_note":"","_monsterinsights_sitenote_category":0,"footnotes":""},"class_list":["post-12257","page","type-page","status-publish","hentry"],"aioseo_notices":[],"_links":{"self":[{"href":"https:\/\/agrozenit.es\/index.php\/wp-json\/wp\/v2\/pages\/12257","targetHints":{"allow":["GET"]}}],"collection":[{"href":"https:\/\/agrozenit.es\/index.php\/wp-json\/wp\/v2\/pages"}],"about":[{"href":"https:\/\/agrozenit.es\/index.php\/wp-json\/wp\/v2\/types\/page"}],"author":[{"embeddable":true,"href":"https:\/\/agrozenit.es\/index.php\/wp-json\/wp\/v2\/users\/2"}],"replies":[{"embeddable":true,"href":"https:\/\/agrozenit.es\/index.php\/wp-json\/wp\/v2\/comments?post=12257"}],"version-history":[{"count":7,"href":"https:\/\/agrozenit.es\/index.php\/wp-json\/wp\/v2\/pages\/12257\/revisions"}],"predecessor-version":[{"id":12269,"href":"https:\/\/agrozenit.es\/index.php\/wp-json\/wp\/v2\/pages\/12257\/revisions\/12269"}],"wp:attachment":[{"href":"https:\/\/agrozenit.es\/index.php\/wp-json\/wp\/v2\/media?parent=12257"}],"curies":[{"name":"wp","href":"https:\/\/api.w.org\/{rel}","templated":true}]}}