{"id":12221,"date":"2023-03-30T16:10:10","date_gmt":"2023-03-30T14:10:10","guid":{"rendered":"https:\/\/agrozenit.es\/?page_id=12221"},"modified":"2023-03-30T17:54:31","modified_gmt":"2023-03-30T15:54:31","slug":"asesoramiento-agricola","status":"publish","type":"page","link":"https:\/\/agrozenit.es\/index.php\/asesoramiento-agricola\/","title":{"rendered":"Asesoramiento Agr\u00edcola"},"content":{"rendered":"\t\t<div data-elementor-type=\"wp-page\" data-elementor-id=\"12221\" class=\"elementor elementor-12221\">\n\t\t\t\t\t\t<section class=\"elementor-section elementor-top-section elementor-element elementor-element-88d2e5e elementor-section-boxed elementor-section-height-default elementor-section-height-default\" data-id=\"88d2e5e\" data-element_type=\"section\" data-e-type=\"section\">\n\t\t\t\t\t\t<div class=\"elementor-container elementor-column-gap-default\">\n\t\t\t\t\t<div class=\"elementor-column elementor-col-100 elementor-top-column elementor-element elementor-element-b062cac\" data-id=\"b062cac\" data-element_type=\"column\" data-e-type=\"column\">\n\t\t\t<div class=\"elementor-widget-wrap elementor-element-populated\">\n\t\t\t\t\t\t<div class=\"elementor-element elementor-element-978929a elementor-widget elementor-widget-heading\" data-id=\"978929a\" data-element_type=\"widget\" data-e-type=\"widget\" data-widget_type=\"heading.default\">\n\t\t\t\t<div class=\"elementor-widget-container\">\n\t\t\t\t\t<h1 class=\"elementor-heading-title elementor-size-large\">Asesoramiento a las explotaciones agrarias<\/h1>\t\t\t\t<\/div>\n\t\t\t\t<\/div>\n\t\t\t\t\t<\/div>\n\t\t<\/div>\n\t\t\t\t\t<\/div>\n\t\t<\/section>\n\t\t\t\t<section class=\"elementor-section elementor-top-section elementor-element elementor-element-4bb9281 elementor-section-boxed elementor-section-height-default elementor-section-height-default\" data-id=\"4bb9281\" data-element_type=\"section\" data-e-type=\"section\">\n\t\t\t\t\t\t<div class=\"elementor-container elementor-column-gap-default\">\n\t\t\t\t\t<div class=\"elementor-column elementor-col-100 elementor-top-column elementor-element elementor-element-74c40ef\" data-id=\"74c40ef\" data-element_type=\"column\" data-e-type=\"column\">\n\t\t\t<div class=\"elementor-widget-wrap elementor-element-populated\">\n\t\t\t\t\t\t<div class=\"elementor-element elementor-element-6c5a52e elementor-widget elementor-widget-text-editor\" data-id=\"6c5a52e\" data-element_type=\"widget\" data-e-type=\"widget\" data-widget_type=\"text-editor.default\">\n\t\t\t\t<div class=\"elementor-widget-container\">\n\t\t\t\t\t\t\t\t\t<p style=\"text-align: center;\">El objetivo es \u00a0asesorar a los agricultores para puedan comprender y as\u00ed poder cumplir mejor las normas de la UE (Nueva PAC 2023 -2027) en materia de medio ambiente, salud p\u00fablica y sanidad animal, bienestar de los animales y buenas condiciones agrarias y medioambientales.<\/p>\t\t\t\t\t\t\t\t<\/div>\n\t\t\t\t<\/div>\n\t\t\t\t\t<\/div>\n\t\t<\/div>\n\t\t\t\t\t<\/div>\n\t\t<\/section>\n\t\t\t\t<section class=\"elementor-section elementor-top-section elementor-element elementor-element-14a808d elementor-section-boxed elementor-section-height-default elementor-section-height-default\" data-id=\"14a808d\" data-element_type=\"section\" data-e-type=\"section\">\n\t\t\t\t\t\t<div class=\"elementor-container elementor-column-gap-default\">\n\t\t\t\t\t<div class=\"elementor-column elementor-col-33 elementor-top-column elementor-element elementor-element-9b399f0\" data-id=\"9b399f0\" data-element_type=\"column\" data-e-type=\"column\">\n\t\t\t<div class=\"elementor-widget-wrap elementor-element-populated\">\n\t\t\t\t\t\t<div class=\"elementor-element elementor-element-b56d25b elementor-widget elementor-widget-image\" data-id=\"b56d25b\" data-element_type=\"widget\" data-e-type=\"widget\" data-widget_type=\"image.default\">\n\t\t\t\t<div class=\"elementor-widget-container\">\n\t\t\t\t\t\t\t\t\t\t\t\t\t\t\t<img fetchpriority=\"high\" decoding=\"async\" width=\"560\" height=\"560\" src=\"https:\/\/agrozenit.es\/wp-content\/uploads\/2023\/03\/FOTO-30-ECOLOGIA-2-560x560.jpg\" class=\"attachment-gardenet-gallery-thumb size-gardenet-gallery-thumb wp-image-12223\" alt=\"\" srcset=\"https:\/\/agrozenit.es\/wp-content\/uploads\/2023\/03\/FOTO-30-ECOLOGIA-2-560x560.jpg 560w, https:\/\/agrozenit.es\/wp-content\/uploads\/2023\/03\/FOTO-30-ECOLOGIA-2-150x150.jpg 150w, https:\/\/agrozenit.es\/wp-content\/uploads\/2023\/03\/FOTO-30-ECOLOGIA-2-450x450.jpg 450w, https:\/\/agrozenit.es\/wp-content\/uploads\/2023\/03\/FOTO-30-ECOLOGIA-2-106x106.jpg 106w, https:\/\/agrozenit.es\/wp-content\/uploads\/2023\/03\/FOTO-30-ECOLOGIA-2-70x70.jpg 70w\" sizes=\"(max-width: 560px) 100vw, 560px\" \/>\t\t\t\t\t\t\t\t\t\t\t\t\t\t\t<\/div>\n\t\t\t\t<\/div>\n\t\t\t\t\t<\/div>\n\t\t<\/div>\n\t\t\t\t<div class=\"elementor-column elementor-col-33 elementor-top-column elementor-element elementor-element-f01551a\" data-id=\"f01551a\" data-element_type=\"column\" data-e-type=\"column\">\n\t\t\t<div class=\"elementor-widget-wrap elementor-element-populated\">\n\t\t\t\t\t\t<div class=\"elementor-element elementor-element-f042a85 elementor-widget elementor-widget-image\" data-id=\"f042a85\" data-element_type=\"widget\" data-e-type=\"widget\" data-widget_type=\"image.default\">\n\t\t\t\t<div class=\"elementor-widget-container\">\n\t\t\t\t\t\t\t\t\t\t\t\t\t\t\t<img decoding=\"async\" width=\"560\" height=\"560\" src=\"https:\/\/agrozenit.es\/wp-content\/uploads\/2023\/03\/FOTO-32AGRICULTOR-1-560x560.jpg\" class=\"attachment-gardenet-gallery-thumb size-gardenet-gallery-thumb wp-image-12224\" alt=\"\" srcset=\"https:\/\/agrozenit.es\/wp-content\/uploads\/2023\/03\/FOTO-32AGRICULTOR-1-560x560.jpg 560w, https:\/\/agrozenit.es\/wp-content\/uploads\/2023\/03\/FOTO-32AGRICULTOR-1-150x150.jpg 150w, https:\/\/agrozenit.es\/wp-content\/uploads\/2023\/03\/FOTO-32AGRICULTOR-1-450x450.jpg 450w, https:\/\/agrozenit.es\/wp-content\/uploads\/2023\/03\/FOTO-32AGRICULTOR-1-106x106.jpg 106w, https:\/\/agrozenit.es\/wp-content\/uploads\/2023\/03\/FOTO-32AGRICULTOR-1-70x70.jpg 70w\" sizes=\"(max-width: 560px) 100vw, 560px\" \/>\t\t\t\t\t\t\t\t\t\t\t\t\t\t\t<\/div>\n\t\t\t\t<\/div>\n\t\t\t\t\t<\/div>\n\t\t<\/div>\n\t\t\t\t<div class=\"elementor-column elementor-col-33 elementor-top-column elementor-element elementor-element-9079dad\" data-id=\"9079dad\" data-element_type=\"column\" data-e-type=\"column\">\n\t\t\t<div class=\"elementor-widget-wrap elementor-element-populated\">\n\t\t\t\t\t\t<div class=\"elementor-element elementor-element-7307245 elementor-widget elementor-widget-image\" data-id=\"7307245\" data-element_type=\"widget\" data-e-type=\"widget\" data-widget_type=\"image.default\">\n\t\t\t\t<div class=\"elementor-widget-container\">\n\t\t\t\t\t\t\t\t\t\t\t\t\t\t\t<img decoding=\"async\" width=\"560\" height=\"560\" src=\"https:\/\/agrozenit.es\/wp-content\/uploads\/2023\/03\/FOTO-31-RIEGO-2-560x560.jpg\" class=\"attachment-gardenet-gallery-thumb size-gardenet-gallery-thumb wp-image-12225\" alt=\"\" srcset=\"https:\/\/agrozenit.es\/wp-content\/uploads\/2023\/03\/FOTO-31-RIEGO-2-560x560.jpg 560w, https:\/\/agrozenit.es\/wp-content\/uploads\/2023\/03\/FOTO-31-RIEGO-2-150x150.jpg 150w, https:\/\/agrozenit.es\/wp-content\/uploads\/2023\/03\/FOTO-31-RIEGO-2-450x450.jpg 450w, https:\/\/agrozenit.es\/wp-content\/uploads\/2023\/03\/FOTO-31-RIEGO-2-106x106.jpg 106w, https:\/\/agrozenit.es\/wp-content\/uploads\/2023\/03\/FOTO-31-RIEGO-2-70x70.jpg 70w\" sizes=\"(max-width: 560px) 100vw, 560px\" \/>\t\t\t\t\t\t\t\t\t\t\t\t\t\t\t<\/div>\n\t\t\t\t<\/div>\n\t\t\t\t\t<\/div>\n\t\t<\/div>\n\t\t\t\t\t<\/div>\n\t\t<\/section>\n\t\t\t\t<section class=\"elementor-section elementor-top-section elementor-element elementor-element-df175a8 elementor-section-boxed elementor-section-height-default elementor-section-height-default\" data-id=\"df175a8\" data-element_type=\"section\" data-e-type=\"section\">\n\t\t\t\t\t\t<div class=\"elementor-container elementor-column-gap-default\">\n\t\t\t\t\t<div class=\"elementor-column elementor-col-100 elementor-top-column elementor-element elementor-element-4ef4055\" data-id=\"4ef4055\" data-element_type=\"column\" data-e-type=\"column\">\n\t\t\t<div class=\"elementor-widget-wrap elementor-element-populated\">\n\t\t\t\t\t\t<section class=\"elementor-section elementor-inner-section elementor-element elementor-element-abaa851 elementor-section-boxed elementor-section-height-default elementor-section-height-default\" data-id=\"abaa851\" data-element_type=\"section\" data-e-type=\"section\">\n\t\t\t\t\t\t<div class=\"elementor-container elementor-column-gap-default\">\n\t\t\t\t\t<div class=\"elementor-column elementor-col-100 elementor-inner-column elementor-element elementor-element-73ff6ae\" data-id=\"73ff6ae\" data-element_type=\"column\" data-e-type=\"column\">\n\t\t\t<div class=\"elementor-widget-wrap elementor-element-populated\">\n\t\t\t\t\t\t<div class=\"elementor-element elementor-element-101686a elementor-widget elementor-widget-text-editor\" data-id=\"101686a\" data-element_type=\"widget\" data-e-type=\"widget\" data-widget_type=\"text-editor.default\">\n\t\t\t\t<div class=\"elementor-widget-container\">\n\t\t\t\t\t\t\t\t\t<p>Ofrecemos asesoramiento a los agricultores \u00a0sobre:<\/p><ul><li>las obligaciones de las explotaciones conforme a los requisitos legales de gesti\u00f3n y las normas sobre buenas condiciones agrarias y medioambientales (Condicionalidad reforzada).<\/li><li>las pr\u00e1cticas agr\u00edcolas beneficiosas para el clima y el medio ambiente y el mantenimiento de la superficie agr\u00edcola (Ecologizaci\u00f3n).<\/li><li>las medidas incluidas en los programas de desarrollo rural orientadas a la modernizaci\u00f3n de las explotaciones, la consolidaci\u00f3n de la competitividad, la integraci\u00f3n sectorial, la innovaci\u00f3n y la orientaci\u00f3n al mercado, as\u00ed como la promoci\u00f3n de la iniciativa empresarial;<\/li><li>los requisitos para un uso eficiente y sostenible del agua, junto con la protecci\u00f3n del agua;<\/li><li>la utilizaci\u00f3n de productos fitosanitarios;<\/li><li>la gesti\u00f3n integrada de plagas.<\/li><li>conversi\u00f3n de explotaciones y la diversificaci\u00f3n de su actividad econ\u00f3mica;<\/li><\/ul>\t\t\t\t\t\t\t\t<\/div>\n\t\t\t\t<\/div>\n\t\t\t\t\t<\/div>\n\t\t<\/div>\n\t\t\t\t\t<\/div>\n\t\t<\/section>\n\t\t\t\t\t<\/div>\n\t\t<\/div>\n\t\t\t\t\t<\/div>\n\t\t<\/section>\n\t\t\t\t<section class=\"elementor-section elementor-top-section elementor-element elementor-element-dbc083c elementor-section-boxed elementor-section-height-default elementor-section-height-default\" data-id=\"dbc083c\" data-element_type=\"section\" data-e-type=\"section\">\n\t\t\t\t\t\t<div class=\"elementor-container elementor-column-gap-default\">\n\t\t\t\t\t<div class=\"elementor-column elementor-col-100 elementor-top-column elementor-element elementor-element-a926907\" data-id=\"a926907\" data-element_type=\"column\" data-e-type=\"column\">\n\t\t\t<div class=\"elementor-widget-wrap elementor-element-populated\">\n\t\t\t\t\t\t<div class=\"elementor-element elementor-element-7c0696d elementor-widget elementor-widget-image\" data-id=\"7c0696d\" data-element_type=\"widget\" data-e-type=\"widget\" data-widget_type=\"image.default\">\n\t\t\t\t<div class=\"elementor-widget-container\">\n\t\t\t\t\t\t\t\t\t\t\t\t\t\t\t<img loading=\"lazy\" decoding=\"async\" width=\"272\" height=\"185\" src=\"https:\/\/agrozenit.es\/wp-content\/uploads\/2023\/03\/FOTO-3-CUADERNO-DE-EXPLOTACION-1.jpg\" class=\"attachment-large size-large wp-image-12238\" alt=\"\" \/>\t\t\t\t\t\t\t\t\t\t\t\t\t\t\t<\/div>\n\t\t\t\t<\/div>\n\t\t\t\t\t<\/div>\n\t\t<\/div>\n\t\t\t\t\t<\/div>\n\t\t<\/section>\n\t\t\t\t<\/div>\n\t\t","protected":false},"excerpt":{"rendered":"<p>Asesoramiento a las explotaciones agrarias El objetivo es \u00a0asesorar a los agricultores para puedan comprender y as\u00ed poder cumplir mejor las normas de la UE (Nueva PAC 2023 -2027) en materia de medio ambiente, salud p\u00fablica y sanidad animal, bienestar de los animales y buenas condiciones agrarias y medioambientales. Ofrecemos asesoramiento a los agricultores \u00a0sobre: [&hellip;]<\/p>\n","protected":false},"author":2,"featured_media":0,"parent":0,"menu_order":0,"comment_status":"closed","ping_status":"closed","template":"","meta":{"om_disable_all_campaigns":false,"_monsterinsights_skip_tracking":false,"_monsterinsights_sitenote_active":false,"_monsterinsights_sitenote_note":"","_monsterinsights_sitenote_category":0,"footnotes":""},"class_list":["post-12221","page","type-page","status-publish","hentry"],"aioseo_notices":[],"_links":{"self":[{"href":"https:\/\/agrozenit.es\/index.php\/wp-json\/wp\/v2\/pages\/12221","targetHints":{"allow":["GET"]}}],"collection":[{"href":"https:\/\/agrozenit.es\/index.php\/wp-json\/wp\/v2\/pages"}],"about":[{"href":"https:\/\/agrozenit.es\/index.php\/wp-json\/wp\/v2\/types\/page"}],"author":[{"embeddable":true,"href":"https:\/\/agrozenit.es\/index.php\/wp-json\/wp\/v2\/users\/2"}],"replies":[{"embeddable":true,"href":"https:\/\/agrozenit.es\/index.php\/wp-json\/wp\/v2\/comments?post=12221"}],"version-history":[{"count":19,"href":"https:\/\/agrozenit.es\/index.php\/wp-json\/wp\/v2\/pages\/12221\/revisions"}],"predecessor-version":[{"id":12245,"href":"https:\/\/agrozenit.es\/index.php\/wp-json\/wp\/v2\/pages\/12221\/revisions\/12245"}],"wp:attachment":[{"href":"https:\/\/agrozenit.es\/index.php\/wp-json\/wp\/v2\/media?parent=12221"}],"curies":[{"name":"wp","href":"https:\/\/api.w.org\/{rel}","templated":true}]}}